{"id":2089,"date":"2023-04-19T21:13:27","date_gmt":"2023-04-19T19:13:27","guid":{"rendered":"https:\/\/ilpasrl.com\/a-propos-de-nous\/histoire\/"},"modified":"2024-10-07T09:55:30","modified_gmt":"2024-10-07T07:55:30","slug":"histoire","status":"publish","type":"page","link":"https:\/\/ilpasrl.com\/fr\/a-propos-de-nous\/histoire\/","title":{"rendered":"Histoire"},"content":{"rendered":"\t\t<div data-elementor-type=\"wp-page\" data-elementor-id=\"2089\" class=\"elementor elementor-2089 elementor-98\" data-elementor-post-type=\"page\">\n\t\t\t\t\t\t<div class=\"elementor-inner\">\n\t\t\t\t<div class=\"elementor-section-wrap\">\n\t\t\t\t\t\t\t\t\t<section class=\"elementor-section elementor-top-section elementor-element elementor-element-7dd9c7b9 elementor-section-content-middle elementor-section-stretched elementor-reverse-mobile elementor-section-boxed elementor-section-height-default elementor-section-height-default sc_fly_static\" data-id=\"7dd9c7b9\" data-element_type=\"section\" data-settings=\"{&quot;background_background&quot;:&quot;classic&quot;,&quot;stretch_section&quot;:&quot;section-stretched&quot;}\">\n\t\t\t\t\t\t<div class=\"elementor-container elementor-column-gap-extended\">\n\t\t\t\t\t\t\t<div class=\"elementor-row\">\n\t\t\t\t\t<div class=\"elementor-column elementor-col-50 elementor-top-column elementor-element elementor-element-369f1242 sc_inner_width_none sc_content_align_inherit sc_layouts_column_icons_position_left sc_fly_static\" data-id=\"369f1242\" data-element_type=\"column\">\n\t\t\t<div class=\"elementor-column-wrap elementor-element-populated\">\n\t\t\t\t\t\t\t<div class=\"elementor-widget-wrap\">\n\t\t\t\t\t\t<div class=\"elementor-element elementor-element-4b25a7e2 elementor-widget__width-auto no-title sc_fly_static elementor-widget elementor-widget-image\" data-id=\"4b25a7e2\" data-element_type=\"widget\" data-widget_type=\"image.default\">\n\t\t\t\t<div class=\"elementor-widget-container\">\n\t\t\t\t\t\t\t\t<div class=\"elementor-image\">\n\t\t\t\t\t\t\t\t\t<figure class=\"wp-caption\">\n\t\t\t\t\t\t\t\t\t\t<img decoding=\"async\" src=\"https:\/\/ilpasrl.com\/wp-content\/uploads\/elementor\/thumbs\/storia-1-q9lcjlx2xt8h6mlor73r40vdgfk0kzk6dmgn8x4phw.jpg\" title=\"storia-1\" alt=\"storia-1\" loading=\"lazy\" \/>\t\t\t\t\t\t\t\t\t\t\t<figcaption class=\"widget-image-caption wp-caption-text\"><\/figcaption>\n\t\t\t\t\t\t\t\t\t\t<\/figure>\n\t\t\t\t\t\t\t\t<\/div>\n\t\t\t\t\t\t<\/div>\n\t\t\t\t<\/div>\n\t\t\t\t\t\t<\/div>\n\t\t\t\t\t<\/div>\n\t\t<\/div>\n\t\t\t\t<div class=\"elementor-column elementor-col-50 elementor-top-column elementor-element elementor-element-68971833 sc_inner_width_none sc_content_align_inherit sc_layouts_column_icons_position_left sc_fly_static\" data-id=\"68971833\" data-element_type=\"column\">\n\t\t\t<div class=\"elementor-column-wrap elementor-element-populated\">\n\t\t\t\t\t\t\t<div class=\"elementor-widget-wrap\">\n\t\t\t\t\t\t<div class=\"elementor-element elementor-element-11c0a40 sc_fly_static elementor-widget elementor-widget-trx_sc_title\" data-id=\"11c0a40\" data-element_type=\"widget\" data-widget_type=\"trx_sc_title.default\">\n\t\t\t\t<div class=\"elementor-widget-container\">\n\t\t\t<div\t\tclass=\"sc_title sc_title_default\" ><h2 class=\"sc_item_title sc_title_title sc_item_title_style_default sc_item_title_tag\"\n\t\t\t><span class=\"sc_item_title_text\">Des id\u00e9es d'avant-garde pour le nettoyage industriel depuis 1930<\/span><\/h2><\/div>\t\t<\/div>\n\t\t\t\t<\/div>\n\t\t\t\t<div class=\"elementor-element elementor-element-6a40544c sc_fly_static elementor-widget elementor-widget-text-editor\" data-id=\"6a40544c\" data-element_type=\"widget\" data-widget_type=\"text-editor.default\">\n\t\t\t\t<div class=\"elementor-widget-container\">\n\t\t\t\t\t\t\t\t<div class=\"elementor-text-editor elementor-clearfix\">\n\t\t\t\t<p>L&#8217;usine d&#8217;ILPA, situ\u00e9e \u00e0 quelques kilom\u00e8tres de Milan, pr\u00e8s des \u00e9changeurs autoroutiers, est la meilleure qui soit pour la distribution de ses produits et services de mani\u00e8re rapide et opportune.<\/p>\n\t\t\t\t\t<\/div>\n\t\t\t\t\t\t<\/div>\n\t\t\t\t<\/div>\n\t\t\t\t<div class=\"elementor-element elementor-element-87b026d sc_fly_static elementor-widget elementor-widget-text-editor\" data-id=\"87b026d\" data-element_type=\"widget\" data-widget_type=\"text-editor.default\">\n\t\t\t\t<div class=\"elementor-widget-container\">\n\t\t\t\t\t\t\t\t<div class=\"elementor-text-editor elementor-clearfix\">\n\t\t\t\t<p>ILPA est en mesure de fournir une large gamme de produits hautement qualifi\u00e9s et sp\u00e9cifiques pour divers secteurs de la maintenance industrielle et de l&#8217;hygi\u00e8ne.<\/p>\n\t\t\t\t\t<\/div>\n\t\t\t\t\t\t<\/div>\n\t\t\t\t<\/div>\n\t\t\t\t<div class=\"elementor-element elementor-element-e822d21 sc_fly_static elementor-widget elementor-widget-text-editor\" data-id=\"e822d21\" data-element_type=\"widget\" data-widget_type=\"text-editor.default\">\n\t\t\t\t<div class=\"elementor-widget-container\">\n\t\t\t\t\t\t\t\t<div class=\"elementor-text-editor elementor-clearfix\">\n\t\t\t\t<p>De vastes entrep\u00f4ts pour le stockage des mati\u00e8res premi\u00e8res et des produits manufactur\u00e9s nous permettent de disposer en permanence d&#8217;un assortiment r\u00e9pondant rapidement \u00e0 toutes les demandes des clients.<\/p>\n\t\t\t\t\t<\/div>\n\t\t\t\t\t\t<\/div>\n\t\t\t\t<\/div>\n\t\t\t\t\t\t<\/div>\n\t\t\t\t\t<\/div>\n\t\t<\/div>\n\t\t\t\t\t\t\t\t<\/div>\n\t\t\t\t\t<\/div>\n\t\t<\/section>\n\t\t\t\t<section class=\"elementor-section elementor-top-section elementor-element elementor-element-7fe828b elementor-section-content-middle elementor-section-stretched elementor-section-boxed elementor-section-height-default elementor-section-height-default sc_fly_static\" data-id=\"7fe828b\" data-element_type=\"section\" data-settings=\"{&quot;background_background&quot;:&quot;classic&quot;,&quot;stretch_section&quot;:&quot;section-stretched&quot;}\">\n\t\t\t\t\t\t<div class=\"elementor-container elementor-column-gap-extended\">\n\t\t\t\t\t\t\t<div class=\"elementor-row\">\n\t\t\t\t\t<div class=\"elementor-column elementor-col-50 elementor-top-column elementor-element elementor-element-5d385cd sc_inner_width_none sc_content_align_inherit sc_layouts_column_icons_position_left sc_fly_static\" data-id=\"5d385cd\" data-element_type=\"column\">\n\t\t\t<div class=\"elementor-column-wrap elementor-element-populated\">\n\t\t\t\t\t\t\t<div class=\"elementor-widget-wrap\">\n\t\t\t\t\t\t<div class=\"elementor-element elementor-element-86b197b sc_fly_static elementor-widget elementor-widget-trx_sc_title\" data-id=\"86b197b\" data-element_type=\"widget\" data-widget_type=\"trx_sc_title.default\">\n\t\t\t\t<div class=\"elementor-widget-container\">\n\t\t\t<div\t\tclass=\"sc_title sc_title_default\" ><h3 class=\"sc_item_title sc_title_title sc_item_title_style_default sc_item_title_tag\"\n\t\t\t><span class=\"sc_item_title_text\">Depuis 1980, des id\u00e9es pour l'hygi\u00e8ne et la protection personnelle.<\/span><\/h3><\/div>\t\t<\/div>\n\t\t\t\t<\/div>\n\t\t\t\t<div class=\"elementor-element elementor-element-42a7c32 sc_fly_static elementor-widget elementor-widget-text-editor\" data-id=\"42a7c32\" data-element_type=\"widget\" data-widget_type=\"text-editor.default\">\n\t\t\t\t<div class=\"elementor-widget-container\">\n\t\t\t\t\t\t\t\t<div class=\"elementor-text-editor elementor-clearfix\">\n\t\t\t\t<p>Pour la production de ses produits non tiss\u00e9s, ILPA utilise des installations technologiquement avanc\u00e9es qui lui permettent de satisfaire toutes les exigences des consommateurs. Comme chaque article est produit en interne, ILPA est en mesure de dimensionner les poids et mesures des produits en fonction des exigences.<\/p>\n\t\t\t\t\t<\/div>\n\t\t\t\t\t\t<\/div>\n\t\t\t\t<\/div>\n\t\t\t\t<div class=\"elementor-element elementor-element-4ac11f1 sc_fly_static elementor-widget elementor-widget-text-editor\" data-id=\"4ac11f1\" data-element_type=\"widget\" data-widget_type=\"text-editor.default\">\n\t\t\t\t<div class=\"elementor-widget-container\">\n\t\t\t\t\t\t\t\t<div class=\"elementor-text-editor elementor-clearfix\">\n\t\t\t\t<p>L&#8217;\u00e9quipement d&#8217;emballage particuli\u00e8rement polyvalent permet de programmer des emballages optimaux pour la distribution \u00e0 l&#8217;utilisateur.<\/p>\n\t\t\t\t\t<\/div>\n\t\t\t\t\t\t<\/div>\n\t\t\t\t<\/div>\n\t\t\t\t\t\t<\/div>\n\t\t\t\t\t<\/div>\n\t\t<\/div>\n\t\t\t\t<div class=\"elementor-column elementor-col-50 elementor-top-column elementor-element elementor-element-53c377e sc_inner_width_none sc_content_align_inherit sc_layouts_column_icons_position_left sc_fly_static\" data-id=\"53c377e\" data-element_type=\"column\">\n\t\t\t<div class=\"elementor-column-wrap elementor-element-populated\">\n\t\t\t\t\t\t\t<div class=\"elementor-widget-wrap\">\n\t\t\t\t\t\t<div class=\"elementor-element elementor-element-6673529 elementor-widget__width-auto no-title sc_fly_static elementor-widget elementor-widget-image\" data-id=\"6673529\" data-element_type=\"widget\" data-widget_type=\"image.default\">\n\t\t\t\t<div class=\"elementor-widget-container\">\n\t\t\t\t\t\t\t\t<div class=\"elementor-image\">\n\t\t\t\t\t\t\t\t\t<figure class=\"wp-caption\">\n\t\t\t\t\t\t\t\t\t\t<img decoding=\"async\" src=\"https:\/\/ilpasrl.com\/wp-content\/uploads\/elementor\/thumbs\/storia-2-q9lcj4zzislbdna9hzsgv552rhveqfp0bapwlxtslw.jpg\" title=\"storia-2\" alt=\"storia-2\" loading=\"lazy\" \/>\t\t\t\t\t\t\t\t\t\t\t<figcaption class=\"widget-image-caption wp-caption-text\"><\/figcaption>\n\t\t\t\t\t\t\t\t\t\t<\/figure>\n\t\t\t\t\t\t\t\t<\/div>\n\t\t\t\t\t\t<\/div>\n\t\t\t\t<\/div>\n\t\t\t\t\t\t<\/div>\n\t\t\t\t\t<\/div>\n\t\t<\/div>\n\t\t\t\t\t\t\t\t<\/div>\n\t\t\t\t\t<\/div>\n\t\t<\/section>\n\t\t\t\t\t\t\t\t\t<\/div>\n\t\t\t<\/div>\n\t\t\t\t\t<\/div>\n\t\t","protected":false},"excerpt":{"rendered":"<p>Des id\u00e9es d&#8217;avant-garde pour le nettoyage industriel depuis 1930 L&#8217;usine d&#8217;ILPA, situ\u00e9e \u00e0 quelques kilom\u00e8tres de Milan, pr\u00e8s des \u00e9changeurs autoroutiers, est la meilleure qui soit pour la distribution de&hellip;<\/p>\n","protected":false},"author":1,"featured_media":1985,"parent":2087,"menu_order":0,"comment_status":"closed","ping_status":"closed","template":"","meta":[],"yoast_head":"<!-- This site is optimized with the Yoast SEO plugin v21.7 - https:\/\/yoast.com\/wordpress\/plugins\/seo\/ -->\n<title>Histoire | I.L.P.A.<\/title>\n<meta name=\"robots\" content=\"index, follow, max-snippet:-1, max-image-preview:large, max-video-preview:-1\" \/>\n<link rel=\"canonical\" href=\"https:\/\/ilpasrl.com\/fr\/a-propos-de-nous\/histoire\/\" \/>\n<meta property=\"og:locale\" content=\"fr_FR\" \/>\n<meta property=\"og:type\" content=\"article\" \/>\n<meta property=\"og:title\" content=\"Histoire | I.L.P.A.\" \/>\n<meta property=\"og:description\" content=\"Des id\u00e9es d&#8217;avant-garde pour le nettoyage industriel depuis 1930 L&#8217;usine d&#8217;ILPA, situ\u00e9e \u00e0 quelques kilom\u00e8tres de Milan, pr\u00e8s des \u00e9changeurs autoroutiers, est la meilleure qui soit pour la distribution de&hellip;\" \/>\n<meta property=\"og:url\" content=\"https:\/\/ilpasrl.com\/fr\/a-propos-de-nous\/histoire\/\" \/>\n<meta property=\"og:site_name\" content=\"I.L.P.A.\" \/>\n<meta property=\"article:modified_time\" content=\"2024-10-07T07:55:30+00:00\" \/>\n<meta property=\"og:image\" content=\"https:\/\/ilpasrl.com\/wp-content\/uploads\/2023\/04\/page-header-bg.jpg\" \/>\n\t<meta property=\"og:image:width\" content=\"1920\" \/>\n\t<meta property=\"og:image:height\" content=\"720\" \/>\n\t<meta property=\"og:image:type\" content=\"image\/jpeg\" \/>\n<meta name=\"twitter:card\" content=\"summary_large_image\" \/>\n<meta name=\"twitter:label1\" content=\"Dur\u00e9e de lecture estim\u00e9e\" \/>\n\t<meta name=\"twitter:data1\" content=\"2 minutes\" \/>\n<!-- \/ Yoast SEO plugin. -->","yoast_head_json":{"title":"Histoire | I.L.P.A.","robots":{"index":"index","follow":"follow","max-snippet":"max-snippet:-1","max-image-preview":"max-image-preview:large","max-video-preview":"max-video-preview:-1"},"canonical":"https:\/\/ilpasrl.com\/fr\/a-propos-de-nous\/histoire\/","og_locale":"fr_FR","og_type":"article","og_title":"Histoire | I.L.P.A.","og_description":"Des id\u00e9es d&#8217;avant-garde pour le nettoyage industriel depuis 1930 L&#8217;usine d&#8217;ILPA, situ\u00e9e \u00e0 quelques kilom\u00e8tres de Milan, pr\u00e8s des \u00e9changeurs autoroutiers, est la meilleure qui soit pour la distribution de&hellip;","og_url":"https:\/\/ilpasrl.com\/fr\/a-propos-de-nous\/histoire\/","og_site_name":"I.L.P.A.","article_modified_time":"2024-10-07T07:55:30+00:00","og_image":[{"width":1920,"height":720,"url":"https:\/\/ilpasrl.com\/wp-content\/uploads\/2023\/04\/page-header-bg.jpg","type":"image\/jpeg"}],"twitter_card":"summary_large_image","twitter_misc":{"Dur\u00e9e de lecture estim\u00e9e":"2 minutes"},"schema":{"@context":"https:\/\/schema.org","@graph":[{"@type":"WebPage","@id":"https:\/\/ilpasrl.com\/fr\/a-propos-de-nous\/histoire\/","url":"https:\/\/ilpasrl.com\/fr\/a-propos-de-nous\/histoire\/","name":"Histoire | I.L.P.A.","isPartOf":{"@id":"https:\/\/ilpasrl.com\/#website"},"datePublished":"2023-04-19T19:13:27+00:00","dateModified":"2024-10-07T07:55:30+00:00","breadcrumb":{"@id":"https:\/\/ilpasrl.com\/fr\/a-propos-de-nous\/histoire\/#breadcrumb"},"inLanguage":"fr-FR","potentialAction":[{"@type":"ReadAction","target":["https:\/\/ilpasrl.com\/fr\/a-propos-de-nous\/histoire\/"]}]},{"@type":"BreadcrumbList","@id":"https:\/\/ilpasrl.com\/fr\/a-propos-de-nous\/histoire\/#breadcrumb","itemListElement":[{"@type":"ListItem","position":1,"name":"Home","item":"https:\/\/ilpasrl.com\/fr\/"},{"@type":"ListItem","position":2,"name":"\u00c0 propos de nous","item":"https:\/\/ilpasrl.com\/fr\/a-propos-de-nous\/"},{"@type":"ListItem","position":3,"name":"Histoire"}]},{"@type":"WebSite","@id":"https:\/\/ilpasrl.com\/#website","url":"https:\/\/ilpasrl.com\/","name":"I.L.P.A.","description":"Tessuti non tessuti","publisher":{"@id":"https:\/\/ilpasrl.com\/#organization"},"potentialAction":[{"@type":"SearchAction","target":{"@type":"EntryPoint","urlTemplate":"https:\/\/ilpasrl.com\/?s={search_term_string}"},"query-input":"required name=search_term_string"}],"inLanguage":"fr-FR"},{"@type":"Organization","@id":"https:\/\/ilpasrl.com\/#organization","name":"I.L.P.A. srl","url":"https:\/\/ilpasrl.com\/","logo":{"@type":"ImageObject","inLanguage":"fr-FR","@id":"https:\/\/ilpasrl.com\/#\/schema\/logo\/image\/","url":"https:\/\/ilpasrl.com\/wp-content\/uploads\/2023\/04\/logo.png","contentUrl":"https:\/\/ilpasrl.com\/wp-content\/uploads\/2023\/04\/logo.png","width":906,"height":196,"caption":"I.L.P.A. srl"},"image":{"@id":"https:\/\/ilpasrl.com\/#\/schema\/logo\/image\/"}}]}},"_links":{"self":[{"href":"https:\/\/ilpasrl.com\/fr\/wp-json\/wp\/v2\/pages\/2089"}],"collection":[{"href":"https:\/\/ilpasrl.com\/fr\/wp-json\/wp\/v2\/pages"}],"about":[{"href":"https:\/\/ilpasrl.com\/fr\/wp-json\/wp\/v2\/types\/page"}],"author":[{"embeddable":true,"href":"https:\/\/ilpasrl.com\/fr\/wp-json\/wp\/v2\/users\/1"}],"replies":[{"embeddable":true,"href":"https:\/\/ilpasrl.com\/fr\/wp-json\/wp\/v2\/comments?post=2089"}],"version-history":[{"count":5,"href":"https:\/\/ilpasrl.com\/fr\/wp-json\/wp\/v2\/pages\/2089\/revisions"}],"predecessor-version":[{"id":2720,"href":"https:\/\/ilpasrl.com\/fr\/wp-json\/wp\/v2\/pages\/2089\/revisions\/2720"}],"up":[{"embeddable":true,"href":"https:\/\/ilpasrl.com\/fr\/wp-json\/wp\/v2\/pages\/2087"}],"wp:featuredmedia":[{"embeddable":true,"href":"https:\/\/ilpasrl.com\/fr\/wp-json\/wp\/v2\/media\/1985"}],"wp:attachment":[{"href":"https:\/\/ilpasrl.com\/fr\/wp-json\/wp\/v2\/media?parent=2089"}],"curies":[{"name":"wp","href":"https:\/\/api.w.org\/{rel}","templated":true}]}}