{"id":2093,"date":"2023-04-19T21:46:51","date_gmt":"2023-04-19T19:46:51","guid":{"rendered":"https:\/\/ilpasrl.com\/contacts\/ou-sommes-nous\/"},"modified":"2023-12-07T11:32:12","modified_gmt":"2023-12-07T10:32:12","slug":"ou-sommes-nous","status":"publish","type":"page","link":"https:\/\/ilpasrl.com\/fr\/contacts\/ou-sommes-nous\/","title":{"rendered":"O\u00f9 sommes nous ?"},"content":{"rendered":"\t\t<div data-elementor-type=\"wp-page\" data-elementor-id=\"2093\" class=\"elementor elementor-2093 elementor-128\" data-elementor-post-type=\"page\">\n\t\t\t\t\t\t<div class=\"elementor-inner\">\n\t\t\t\t<div class=\"elementor-section-wrap\">\n\t\t\t\t\t\t\t\t\t<section class=\"elementor-section elementor-top-section elementor-element elementor-element-6ffd8fb2 elementor-section-stretched scheme_default elementor-section-boxed elementor-section-height-default elementor-section-height-default sc_fly_static\" data-id=\"6ffd8fb2\" data-element_type=\"section\" data-settings=\"{&quot;stretch_section&quot;:&quot;section-stretched&quot;,&quot;background_background&quot;:&quot;classic&quot;}\">\n\t\t\t\t\t\t<div class=\"elementor-container elementor-column-gap-extended\">\n\t\t\t\t\t\t\t<div class=\"elementor-row\">\n\t\t\t\t\t<div class=\"elementor-column elementor-col-100 elementor-top-column elementor-element elementor-element-48bb49b8 sc_inner_width_none sc_content_align_inherit sc_layouts_column_icons_position_left sc_fly_static\" data-id=\"48bb49b8\" data-element_type=\"column\">\n\t\t\t<div class=\"elementor-column-wrap elementor-element-populated\">\n\t\t\t\t\t\t\t<div class=\"elementor-widget-wrap\">\n\t\t\t\t\t\t<div class=\"elementor-element elementor-element-29e28058 sc_fly_static elementor-widget elementor-widget-trx_sc_title\" data-id=\"29e28058\" data-element_type=\"widget\" data-widget_type=\"trx_sc_title.default\">\n\t\t\t\t<div class=\"elementor-widget-container\">\n\t\t\t<div\t\tclass=\"sc_title sc_title_default\" ><h2 class=\"sc_item_title sc_title_title sc_align_center sc_item_title_style_default sc_item_title_tag\"\n\t\t\t><span class=\"sc_item_title_text\">L'usine ILPA, situ\u00e9e \u00e0 quelques kilom\u00e8tres de Milan, pr\u00e8s des jonctions autorouti\u00e8res<\/span><\/h2><\/div>\t\t<\/div>\n\t\t\t\t<\/div>\n\t\t\t\t\t\t<\/div>\n\t\t\t\t\t<\/div>\n\t\t<\/div>\n\t\t\t\t\t\t\t\t<\/div>\n\t\t\t\t\t<\/div>\n\t\t<\/section>\n\t\t\t\t<section class=\"elementor-section elementor-top-section elementor-element elementor-element-7af173c5 elementor-section-stretched elementor-section-full_width elementor-section-height-default elementor-section-height-default sc_fly_static\" data-id=\"7af173c5\" data-element_type=\"section\" data-settings=\"{&quot;stretch_section&quot;:&quot;section-stretched&quot;,&quot;background_background&quot;:&quot;classic&quot;}\">\n\t\t\t\t\t\t<div class=\"elementor-container elementor-column-gap-no\">\n\t\t\t\t\t\t\t<div class=\"elementor-row\">\n\t\t\t\t\t<div class=\"elementor-column elementor-col-100 elementor-top-column elementor-element elementor-element-2328d199 sc_inner_width_none sc_content_align_inherit sc_layouts_column_icons_position_left sc_fly_static\" data-id=\"2328d199\" data-element_type=\"column\">\n\t\t\t<div class=\"elementor-column-wrap elementor-element-populated\">\n\t\t\t\t\t\t\t<div class=\"elementor-widget-wrap\">\n\t\t\t\t\t\t<div class=\"elementor-element elementor-element-56014f31 sc_fly_static elementor-widget elementor-widget-trx_sc_googlemap\" data-id=\"56014f31\" data-element_type=\"widget\" data-widget_type=\"trx_sc_googlemap.default\">\n\t\t\t\t<div class=\"elementor-widget-container\">\n\t\t\t<div id=\"sc_googlemap_1249395267_wrap\" class=\"sc_googlemap_wrap\"><div id=\"sc_googlemap_1249395267\"\t\t\tclass=\"sc_item_content sc_map sc_googlemap sc_googlemap_default trx_addons_inline_897056882\"\n\t\t\t \t\t\tdata-zoom=\"12\"\n\t\t\tdata-center=\"\"\n\t\t\tdata-style=\"extra\"\n\t\t\tdata-cluster-icon=\"\"\n\t\t\t><iframe\n\t\t\t\t\t\tsrc=\"https:\/\/maps.google.com\/maps?t=m&output=embed&iwloc=near&z=12&q=Via+delle+Robinie%2C+19+-+20024+Garbagnate+Milanese+%28MI%29\"\n\t\t\t\t\t\taria-label=\" \"><\/iframe><\/div><\/div>\t\t<\/div>\n\t\t\t\t<\/div>\n\t\t\t\t\t\t<\/div>\n\t\t\t\t\t<\/div>\n\t\t<\/div>\n\t\t\t\t\t\t\t\t<\/div>\n\t\t\t\t\t<\/div>\n\t\t<\/section>\n\t\t\t\t\t\t\t\t\t<\/div>\n\t\t\t<\/div>\n\t\t\t\t\t<\/div>\n\t\t","protected":false},"excerpt":{"rendered":"<p>L&#8217;usine ILPA, situ\u00e9e \u00e0 quelques kilom\u00e8tres de Milan, pr\u00e8s des jonctions autorouti\u00e8res<\/p>\n","protected":false},"author":1,"featured_media":1985,"parent":2091,"menu_order":0,"comment_status":"closed","ping_status":"closed","template":"","meta":[],"yoast_head":"<!-- This site is optimized with the Yoast SEO plugin v21.7 - https:\/\/yoast.com\/wordpress\/plugins\/seo\/ -->\n<title>O\u00f9 sommes nous ? | I.L.P.A.<\/title>\n<meta name=\"robots\" content=\"index, follow, max-snippet:-1, max-image-preview:large, max-video-preview:-1\" \/>\n<link rel=\"canonical\" href=\"https:\/\/ilpasrl.com\/fr\/contacts\/ou-sommes-nous\/\" \/>\n<meta property=\"og:locale\" content=\"fr_FR\" \/>\n<meta property=\"og:type\" content=\"article\" \/>\n<meta property=\"og:title\" content=\"O\u00f9 sommes nous ? | I.L.P.A.\" \/>\n<meta property=\"og:description\" content=\"L&#8217;usine ILPA, situ\u00e9e \u00e0 quelques kilom\u00e8tres de Milan, pr\u00e8s des jonctions autorouti\u00e8res\" \/>\n<meta property=\"og:url\" content=\"https:\/\/ilpasrl.com\/fr\/contacts\/ou-sommes-nous\/\" \/>\n<meta property=\"og:site_name\" content=\"I.L.P.A.\" \/>\n<meta property=\"article:modified_time\" content=\"2023-12-07T10:32:12+00:00\" \/>\n<meta property=\"og:image\" content=\"https:\/\/ilpasrl.com\/wp-content\/uploads\/2023\/04\/page-header-bg.jpg\" \/>\n\t<meta property=\"og:image:width\" content=\"1920\" \/>\n\t<meta property=\"og:image:height\" content=\"720\" \/>\n\t<meta property=\"og:image:type\" content=\"image\/jpeg\" \/>\n<meta name=\"twitter:card\" content=\"summary_large_image\" \/>\n<meta name=\"twitter:label1\" content=\"Dur\u00e9e de lecture estim\u00e9e\" \/>\n\t<meta name=\"twitter:data1\" content=\"1 minute\" \/>\n<!-- \/ Yoast SEO plugin. -->","yoast_head_json":{"title":"O\u00f9 sommes nous ? | I.L.P.A.","robots":{"index":"index","follow":"follow","max-snippet":"max-snippet:-1","max-image-preview":"max-image-preview:large","max-video-preview":"max-video-preview:-1"},"canonical":"https:\/\/ilpasrl.com\/fr\/contacts\/ou-sommes-nous\/","og_locale":"fr_FR","og_type":"article","og_title":"O\u00f9 sommes nous ? | I.L.P.A.","og_description":"L&#8217;usine ILPA, situ\u00e9e \u00e0 quelques kilom\u00e8tres de Milan, pr\u00e8s des jonctions autorouti\u00e8res","og_url":"https:\/\/ilpasrl.com\/fr\/contacts\/ou-sommes-nous\/","og_site_name":"I.L.P.A.","article_modified_time":"2023-12-07T10:32:12+00:00","og_image":[{"width":1920,"height":720,"url":"https:\/\/ilpasrl.com\/wp-content\/uploads\/2023\/04\/page-header-bg.jpg","type":"image\/jpeg"}],"twitter_card":"summary_large_image","twitter_misc":{"Dur\u00e9e de lecture estim\u00e9e":"1 minute"},"schema":{"@context":"https:\/\/schema.org","@graph":[{"@type":"WebPage","@id":"https:\/\/ilpasrl.com\/fr\/contacts\/ou-sommes-nous\/","url":"https:\/\/ilpasrl.com\/fr\/contacts\/ou-sommes-nous\/","name":"O\u00f9 sommes nous ? | I.L.P.A.","isPartOf":{"@id":"https:\/\/ilpasrl.com\/#website"},"datePublished":"2023-04-19T19:46:51+00:00","dateModified":"2023-12-07T10:32:12+00:00","breadcrumb":{"@id":"https:\/\/ilpasrl.com\/fr\/contacts\/ou-sommes-nous\/#breadcrumb"},"inLanguage":"fr-FR","potentialAction":[{"@type":"ReadAction","target":["https:\/\/ilpasrl.com\/fr\/contacts\/ou-sommes-nous\/"]}]},{"@type":"BreadcrumbList","@id":"https:\/\/ilpasrl.com\/fr\/contacts\/ou-sommes-nous\/#breadcrumb","itemListElement":[{"@type":"ListItem","position":1,"name":"Home","item":"https:\/\/ilpasrl.com\/fr\/"},{"@type":"ListItem","position":2,"name":"Contacts","item":"https:\/\/ilpasrl.com\/fr\/contacts\/"},{"@type":"ListItem","position":3,"name":"O\u00f9 sommes nous ?"}]},{"@type":"WebSite","@id":"https:\/\/ilpasrl.com\/#website","url":"https:\/\/ilpasrl.com\/","name":"I.L.P.A.","description":"Tessuti non tessuti","publisher":{"@id":"https:\/\/ilpasrl.com\/#organization"},"potentialAction":[{"@type":"SearchAction","target":{"@type":"EntryPoint","urlTemplate":"https:\/\/ilpasrl.com\/?s={search_term_string}"},"query-input":"required name=search_term_string"}],"inLanguage":"fr-FR"},{"@type":"Organization","@id":"https:\/\/ilpasrl.com\/#organization","name":"I.L.P.A. srl","url":"https:\/\/ilpasrl.com\/","logo":{"@type":"ImageObject","inLanguage":"fr-FR","@id":"https:\/\/ilpasrl.com\/#\/schema\/logo\/image\/","url":"https:\/\/ilpasrl.com\/wp-content\/uploads\/2023\/04\/logo.png","contentUrl":"https:\/\/ilpasrl.com\/wp-content\/uploads\/2023\/04\/logo.png","width":906,"height":196,"caption":"I.L.P.A. srl"},"image":{"@id":"https:\/\/ilpasrl.com\/#\/schema\/logo\/image\/"}}]}},"_links":{"self":[{"href":"https:\/\/ilpasrl.com\/fr\/wp-json\/wp\/v2\/pages\/2093"}],"collection":[{"href":"https:\/\/ilpasrl.com\/fr\/wp-json\/wp\/v2\/pages"}],"about":[{"href":"https:\/\/ilpasrl.com\/fr\/wp-json\/wp\/v2\/types\/page"}],"author":[{"embeddable":true,"href":"https:\/\/ilpasrl.com\/fr\/wp-json\/wp\/v2\/users\/1"}],"replies":[{"embeddable":true,"href":"https:\/\/ilpasrl.com\/fr\/wp-json\/wp\/v2\/comments?post=2093"}],"version-history":[{"count":2,"href":"https:\/\/ilpasrl.com\/fr\/wp-json\/wp\/v2\/pages\/2093\/revisions"}],"predecessor-version":[{"id":2396,"href":"https:\/\/ilpasrl.com\/fr\/wp-json\/wp\/v2\/pages\/2093\/revisions\/2396"}],"up":[{"embeddable":true,"href":"https:\/\/ilpasrl.com\/fr\/wp-json\/wp\/v2\/pages\/2091"}],"wp:featuredmedia":[{"embeddable":true,"href":"https:\/\/ilpasrl.com\/fr\/wp-json\/wp\/v2\/media\/1985"}],"wp:attachment":[{"href":"https:\/\/ilpasrl.com\/fr\/wp-json\/wp\/v2\/media?parent=2093"}],"curies":[{"name":"wp","href":"https:\/\/api.w.org\/{rel}","templated":true}]}}