{"id":2099,"date":"2023-04-19T21:42:55","date_gmt":"2023-04-19T19:42:55","guid":{"rendered":"https:\/\/ilpasrl.com\/vetements\/dekosafe\/"},"modified":"2023-09-29T09:45:28","modified_gmt":"2023-09-29T07:45:28","slug":"dekosafe","status":"publish","type":"page","link":"https:\/\/ilpasrl.com\/fr\/vetements\/dekosafe\/","title":{"rendered":"Dekosafe"},"content":{"rendered":"\t\t<div data-elementor-type=\"wp-page\" data-elementor-id=\"2099\" class=\"elementor elementor-2099 elementor-112\" data-elementor-post-type=\"page\">\n\t\t\t\t\t\t<div class=\"elementor-inner\">\n\t\t\t\t<div class=\"elementor-section-wrap\">\n\t\t\t\t\t\t\t\t\t<section class=\"elementor-section elementor-top-section elementor-element elementor-element-640ac223 elementor-section-stretched elementor-section-boxed elementor-section-height-default elementor-section-height-default sc_fly_static\" data-id=\"640ac223\" data-element_type=\"section\" id=\"strofinacci-alimentare-intro\" data-settings=\"{&quot;stretch_section&quot;:&quot;section-stretched&quot;,&quot;background_background&quot;:&quot;classic&quot;}\">\n\t\t\t\t\t\t<div class=\"elementor-container elementor-column-gap-extended\">\n\t\t\t\t\t\t\t<div class=\"elementor-row\">\n\t\t\t\t\t<div class=\"elementor-column elementor-col-100 elementor-top-column elementor-element elementor-element-7eba53b4 sc_inner_width_none sc_content_align_inherit sc_layouts_column_icons_position_left sc_fly_static\" data-id=\"7eba53b4\" data-element_type=\"column\">\n\t\t\t<div class=\"elementor-column-wrap elementor-element-populated\">\n\t\t\t\t\t\t\t<div class=\"elementor-widget-wrap\">\n\t\t\t\t\t\t<div class=\"elementor-element elementor-element-45141904 sc_fly_static elementor-widget elementor-widget-trx_sc_title\" data-id=\"45141904\" data-element_type=\"widget\" data-widget_type=\"trx_sc_title.default\">\n\t\t\t\t<div class=\"elementor-widget-container\">\n\t\t\t<div\t\tclass=\"sc_title sc_title_default\" ><h2 class=\"sc_item_title sc_title_title sc_align_center sc_item_title_style_default sc_item_title_tag\"\n\t\t\t><span class=\"sc_item_title_text\">Protection respirante contre la poussi\u00e8re et les liquides chimiques<\/span><\/h2><\/div>\t\t<\/div>\n\t\t\t\t<\/div>\n\t\t\t\t<div class=\"elementor-element elementor-element-2b550935 sc_fly_static elementor-widget elementor-widget-text-editor\" data-id=\"2b550935\" data-element_type=\"widget\" data-widget_type=\"text-editor.default\">\n\t\t\t\t<div class=\"elementor-widget-container\">\n\t\t\t\t\t\t\t\t<div class=\"elementor-text-editor elementor-clearfix\">\n\t\t\t\t<p>La barri\u00e8re contre la poussi\u00e8re et la protection contre les liquides chimiques sont extr\u00eamement efficaces. Les qualit\u00e9s antistatiques et la surface lisse permettent \u00e9galement de l&#8217;utiliser dans de nouveaux domaines d&#8217;application dans divers secteurs.<\/p>\n\t\t\t\t\t<\/div>\n\t\t\t\t\t\t<\/div>\n\t\t\t\t<\/div>\n\t\t\t\t\t\t<\/div>\n\t\t\t\t\t<\/div>\n\t\t<\/div>\n\t\t\t\t\t\t\t\t<\/div>\n\t\t\t\t\t<\/div>\n\t\t<\/section>\n\t\t\t\t<section class=\"elementor-section elementor-top-section elementor-element elementor-element-3979a29d elementor-section-boxed elementor-section-height-default elementor-section-height-default sc_fly_static\" data-id=\"3979a29d\" data-element_type=\"section\" id=\"strofinacci-alimentare-gallery\">\n\t\t\t\t\t\t<div class=\"elementor-container elementor-column-gap-extended\">\n\t\t\t\t\t\t\t<div class=\"elementor-row\">\n\t\t\t\t\t<div class=\"elementor-column elementor-col-100 elementor-top-column elementor-element elementor-element-13b330f2 sc_inner_width_none sc_content_align_inherit sc_layouts_column_icons_position_left sc_fly_static\" data-id=\"13b330f2\" data-element_type=\"column\">\n\t\t\t<div class=\"elementor-column-wrap elementor-element-populated\">\n\t\t\t\t\t\t\t<div class=\"elementor-widget-wrap\">\n\t\t\t\t\t\t<div class=\"elementor-element elementor-element-3aac83b4 sc_fly_static elementor-widget elementor-widget-ilpa_el_products_grid\" data-id=\"3aac83b4\" data-element_type=\"widget\" data-widget_type=\"ilpa_el_products_grid.default\">\n\t\t\t\t<div class=\"elementor-widget-container\">\n\t\t\t                    <div class=\"ilpa-products-grid\">\n                                                    <div class=\"woocommerce\">\n                                <ul class=\"products products_style_default columns- style-list\">\n                                                                                <li class=\"product type-product product_style_default wishlist_decorated\">\n                                                <div class=\"post_item post_layout_thumbs\">\n                                                                                                            <div class=\"post_featured hover_shop\">\n                                                            <a  >\n                                                                <img src=\"https:\/\/ilpasrl.com\/wp-content\/uploads\/2023\/05\/dekosafe.jpg\" alt=\"Tuta di protezione traspirante contro polveri e liquidi chimici\" width=\"642\" height=\"642\" class=\"attachment-woocommerce_thumbnail size-woocommerce_thumbnail\" decoding=\"async\" loading=\"lazy\">\n                                                            <\/a>\n                                                            \n                                                            <div class=\"mask\"><\/div>\n                                                        <\/div>\n                                                                                                            \n                                                    <div class=\"post_data\">\n                                                        <div class=\"post_data_inner\">\n                                                            <div class=\"post_header entry-header\">\n                                                                <h3 class=\"woocommerce-loop-product__title\">\n                                                                    <a  >SECURITY Dekosafe 55gr.<\/a>\n                                                                <\/h3>\n                                                            <\/div>\n\n                                                                                                                            <div class=\"price_wrap\">\n                                                                                                                                            <p class=\"product-features font-span\">BLANC AVEC CAPUCHE CAT. RISQUE III TYPE 5-6 ANTISTATIQUE<\/p>\n                                                                                                                                                <p class=\"product-desc\">Le mat\u00e9riau de construction utilis\u00e9 est un tissu innovant en polypropyl\u00e8ne non tiss\u00e9 \u00e0 4 couches, dont les caract\u00e9ristiques techniques et de protection sont certifi\u00e9es par le Sachsische Textilforschunginstitut.<br\/>Les valeurs de r\u00e9sistance \u00e0 l'abrasion, \u00e0 la perforation, \u00e0 la d\u00e9chirure et aux coutures sont excellentes, ce qui permet une plus grande durabilit\u00e9 et une plus grande s\u00e9curit\u00e9 dans l'utilisation des \u00e9quipements de protection individuelle. La barri\u00e8re contre la poussi\u00e8re ainsi que la protection contre les liquides, y compris les liquides chimiques (voir tableau) sont parmi les meilleures du march\u00e9, et malgr\u00e9 cela, le confort obtenu gr\u00e2ce \u00e0 la perm\u00e9abilit\u00e9 \u00e0 l'air est extraordinaire. L- XL- XXL Conf : 25 pcs.<br\/>De bonnes raisons d\u2019utiliser les produits Dekosafe:<br\/>1. Capuche ergonomique<br\/>2. Fermeture \u00e0 glissi\u00e8re jusqu\u2019au menton<br\/>3. Couverture \u00e0 double charni\u00e8re<br\/>4. \u00c9lastique aux chevilles, aux poignets et \u00e0 la taille<br\/>5. Absence de coutures au niveau des \u00e9paules et des bras<br\/>6. Mat\u00e9riaux respirants \u00e0 effet barri\u00e8re \u00e9lev\u00e9<br\/>7. Parfaite portabilit\u00e9, m\u00eame aux points les plus critiques<\/p>\n                                                                                                                                        <\/div>\n                                                                                                                        <\/div>\n                                                    <\/div>\n                                                <\/div>\n                                            <\/li>\n                                                                            <\/ul>\n                            <\/div>\n                                                <\/div>\n                    \t\t<\/div>\n\t\t\t\t<\/div>\n\t\t\t\t\t\t<\/div>\n\t\t\t\t\t<\/div>\n\t\t<\/div>\n\t\t\t\t\t\t\t\t<\/div>\n\t\t\t\t\t<\/div>\n\t\t<\/section>\n\t\t\t\t\t\t\t\t\t<\/div>\n\t\t\t<\/div>\n\t\t\t\t\t<\/div>\n\t\t","protected":false},"excerpt":{"rendered":"<p>Protection respirante contre la poussi\u00e8re et les liquides chimiques La barri\u00e8re contre la poussi\u00e8re et la protection contre les liquides chimiques sont extr\u00eamement efficaces. Les qualit\u00e9s antistatiques et la surface&hellip;<\/p>\n","protected":false},"author":1,"featured_media":1985,"parent":2097,"menu_order":0,"comment_status":"closed","ping_status":"closed","template":"","meta":[],"yoast_head":"<!-- This site is optimized with the Yoast SEO plugin v21.7 - https:\/\/yoast.com\/wordpress\/plugins\/seo\/ -->\n<title>Dekosafe | I.L.P.A.<\/title>\n<meta name=\"robots\" content=\"index, follow, max-snippet:-1, max-image-preview:large, max-video-preview:-1\" \/>\n<link rel=\"canonical\" href=\"https:\/\/ilpasrl.com\/indumenti\/dekosafe\/\" \/>\n<meta property=\"og:locale\" content=\"fr_FR\" \/>\n<meta property=\"og:type\" content=\"article\" \/>\n<meta property=\"og:title\" content=\"Dekosafe | I.L.P.A.\" \/>\n<meta property=\"og:description\" content=\"Protection respirante contre la poussi\u00e8re et les liquides chimiques La barri\u00e8re contre la poussi\u00e8re et la protection contre les liquides chimiques sont extr\u00eamement efficaces. Les qualit\u00e9s antistatiques et la surface&hellip;\" \/>\n<meta property=\"og:url\" content=\"https:\/\/ilpasrl.com\/indumenti\/dekosafe\/\" \/>\n<meta property=\"og:site_name\" content=\"I.L.P.A.\" \/>\n<meta property=\"article:modified_time\" content=\"2023-09-29T07:45:28+00:00\" \/>\n<meta property=\"og:image\" content=\"https:\/\/ilpasrl.com\/wp-content\/uploads\/2023\/04\/page-header-bg.jpg\" \/>\n\t<meta property=\"og:image:width\" content=\"1920\" \/>\n\t<meta property=\"og:image:height\" content=\"720\" \/>\n\t<meta property=\"og:image:type\" content=\"image\/jpeg\" \/>\n<meta name=\"twitter:card\" content=\"summary_large_image\" \/>\n<meta name=\"twitter:label1\" content=\"Dur\u00e9e de lecture estim\u00e9e\" \/>\n\t<meta name=\"twitter:data1\" content=\"2 minutes\" \/>\n<!-- \/ Yoast SEO plugin. -->","yoast_head_json":{"title":"Dekosafe | I.L.P.A.","robots":{"index":"index","follow":"follow","max-snippet":"max-snippet:-1","max-image-preview":"max-image-preview:large","max-video-preview":"max-video-preview:-1"},"canonical":"https:\/\/ilpasrl.com\/indumenti\/dekosafe\/","og_locale":"fr_FR","og_type":"article","og_title":"Dekosafe | I.L.P.A.","og_description":"Protection respirante contre la poussi\u00e8re et les liquides chimiques La barri\u00e8re contre la poussi\u00e8re et la protection contre les liquides chimiques sont extr\u00eamement efficaces. Les qualit\u00e9s antistatiques et la surface&hellip;","og_url":"https:\/\/ilpasrl.com\/indumenti\/dekosafe\/","og_site_name":"I.L.P.A.","article_modified_time":"2023-09-29T07:45:28+00:00","og_image":[{"width":1920,"height":720,"url":"https:\/\/ilpasrl.com\/wp-content\/uploads\/2023\/04\/page-header-bg.jpg","type":"image\/jpeg"}],"twitter_card":"summary_large_image","twitter_misc":{"Dur\u00e9e de lecture estim\u00e9e":"2 minutes"},"schema":{"@context":"https:\/\/schema.org","@graph":[{"@type":"WebPage","@id":"https:\/\/ilpasrl.com\/indumenti\/dekosafe\/","url":"https:\/\/ilpasrl.com\/indumenti\/dekosafe\/","name":"Dekosafe | I.L.P.A.","isPartOf":{"@id":"https:\/\/ilpasrl.com\/#website"},"datePublished":"2023-04-19T19:42:55+00:00","dateModified":"2023-09-29T07:45:28+00:00","breadcrumb":{"@id":"https:\/\/ilpasrl.com\/indumenti\/dekosafe\/#breadcrumb"},"inLanguage":"fr-FR","potentialAction":[{"@type":"ReadAction","target":["https:\/\/ilpasrl.com\/indumenti\/dekosafe\/"]}]},{"@type":"BreadcrumbList","@id":"https:\/\/ilpasrl.com\/indumenti\/dekosafe\/#breadcrumb","itemListElement":[{"@type":"ListItem","position":1,"name":"Home","item":"https:\/\/ilpasrl.com\/fr\/"},{"@type":"ListItem","position":2,"name":"V\u00eatements","item":"https:\/\/ilpasrl.com\/indumenti\/"},{"@type":"ListItem","position":3,"name":"Dekosafe"}]},{"@type":"WebSite","@id":"https:\/\/ilpasrl.com\/#website","url":"https:\/\/ilpasrl.com\/","name":"I.L.P.A.","description":"Tessuti non tessuti","publisher":{"@id":"https:\/\/ilpasrl.com\/#organization"},"potentialAction":[{"@type":"SearchAction","target":{"@type":"EntryPoint","urlTemplate":"https:\/\/ilpasrl.com\/?s={search_term_string}"},"query-input":"required name=search_term_string"}],"inLanguage":"fr-FR"},{"@type":"Organization","@id":"https:\/\/ilpasrl.com\/#organization","name":"I.L.P.A. srl","url":"https:\/\/ilpasrl.com\/","logo":{"@type":"ImageObject","inLanguage":"fr-FR","@id":"https:\/\/ilpasrl.com\/#\/schema\/logo\/image\/","url":"https:\/\/ilpasrl.com\/wp-content\/uploads\/2023\/04\/logo.png","contentUrl":"https:\/\/ilpasrl.com\/wp-content\/uploads\/2023\/04\/logo.png","width":906,"height":196,"caption":"I.L.P.A. srl"},"image":{"@id":"https:\/\/ilpasrl.com\/#\/schema\/logo\/image\/"}}]}},"_links":{"self":[{"href":"https:\/\/ilpasrl.com\/fr\/wp-json\/wp\/v2\/pages\/2099"}],"collection":[{"href":"https:\/\/ilpasrl.com\/fr\/wp-json\/wp\/v2\/pages"}],"about":[{"href":"https:\/\/ilpasrl.com\/fr\/wp-json\/wp\/v2\/types\/page"}],"author":[{"embeddable":true,"href":"https:\/\/ilpasrl.com\/fr\/wp-json\/wp\/v2\/users\/1"}],"replies":[{"embeddable":true,"href":"https:\/\/ilpasrl.com\/fr\/wp-json\/wp\/v2\/comments?post=2099"}],"version-history":[{"count":4,"href":"https:\/\/ilpasrl.com\/fr\/wp-json\/wp\/v2\/pages\/2099\/revisions"}],"predecessor-version":[{"id":2277,"href":"https:\/\/ilpasrl.com\/fr\/wp-json\/wp\/v2\/pages\/2099\/revisions\/2277"}],"up":[{"embeddable":true,"href":"https:\/\/ilpasrl.com\/fr\/wp-json\/wp\/v2\/pages\/2097"}],"wp:featuredmedia":[{"embeddable":true,"href":"https:\/\/ilpasrl.com\/fr\/wp-json\/wp\/v2\/media\/1985"}],"wp:attachment":[{"href":"https:\/\/ilpasrl.com\/fr\/wp-json\/wp\/v2\/media?parent=2099"}],"curies":[{"name":"wp","href":"https:\/\/api.w.org\/{rel}","templated":true}]}}