{"id":2103,"date":"2023-04-19T21:44:25","date_gmt":"2023-04-19T19:44:25","guid":{"rendered":"https:\/\/ilpasrl.com\/vetements\/tritex-pro-e-paintex-plus\/"},"modified":"2023-09-29T09:47:26","modified_gmt":"2023-09-29T07:47:26","slug":"tritex-pro-e-paintex-plus","status":"publish","type":"page","link":"https:\/\/ilpasrl.com\/fr\/vetements\/tritex-pro-e-paintex-plus\/","title":{"rendered":"Tritex Pro e Paintex Plus"},"content":{"rendered":"\t\t<div data-elementor-type=\"wp-page\" data-elementor-id=\"2103\" class=\"elementor elementor-2103 elementor-118\" data-elementor-post-type=\"page\">\n\t\t\t\t\t\t<div class=\"elementor-inner\">\n\t\t\t\t<div class=\"elementor-section-wrap\">\n\t\t\t\t\t\t\t\t\t<section class=\"elementor-section elementor-top-section elementor-element elementor-element-23e5423f elementor-section-stretched elementor-section-boxed elementor-section-height-default elementor-section-height-default sc_fly_static\" data-id=\"23e5423f\" data-element_type=\"section\" id=\"strofinacci-alimentare-intro\" data-settings=\"{&quot;stretch_section&quot;:&quot;section-stretched&quot;,&quot;background_background&quot;:&quot;classic&quot;}\">\n\t\t\t\t\t\t<div class=\"elementor-container elementor-column-gap-extended\">\n\t\t\t\t\t\t\t<div class=\"elementor-row\">\n\t\t\t\t\t<div class=\"elementor-column elementor-col-100 elementor-top-column elementor-element elementor-element-4d333042 sc_inner_width_none sc_content_align_inherit sc_layouts_column_icons_position_left sc_fly_static\" data-id=\"4d333042\" data-element_type=\"column\">\n\t\t\t<div class=\"elementor-column-wrap elementor-element-populated\">\n\t\t\t\t\t\t\t<div class=\"elementor-widget-wrap\">\n\t\t\t\t\t\t<div class=\"elementor-element elementor-element-527be879 sc_fly_static elementor-widget elementor-widget-trx_sc_title\" data-id=\"527be879\" data-element_type=\"widget\" data-widget_type=\"trx_sc_title.default\">\n\t\t\t\t<div class=\"elementor-widget-container\">\n\t\t\t<div\t\tclass=\"sc_title sc_title_default\" ><h2 class=\"sc_item_title sc_title_title sc_align_center sc_item_title_style_default sc_item_title_tag\"\n\t\t\t><span class=\"sc_item_title_text\">Combinaison de protection en polypropyl\u00e8ne contre les poussi\u00e8res nocives et les liquides chimiques<\/span><\/h2><\/div>\t\t<\/div>\n\t\t\t\t<\/div>\n\t\t\t\t<div class=\"elementor-element elementor-element-3fcb1f7b sc_fly_static elementor-widget elementor-widget-text-editor\" data-id=\"3fcb1f7b\" data-element_type=\"widget\" data-widget_type=\"text-editor.default\">\n\t\t\t\t<div class=\"elementor-widget-container\">\n\t\t\t\t\t\t\t\t<div class=\"elementor-text-editor elementor-clearfix\">\n\t\t\t\t<p>V\u00eatement de protection contre les poussi\u00e8res nocives et les \u00e9claboussures de liquides chimiques. Peut \u00eatre utilis\u00e9e pour tous les travaux d&#8217;entretien et de d\u00e9samiantage.<\/p>\n\t\t\t\t\t<\/div>\n\t\t\t\t\t\t<\/div>\n\t\t\t\t<\/div>\n\t\t\t\t\t\t<\/div>\n\t\t\t\t\t<\/div>\n\t\t<\/div>\n\t\t\t\t\t\t\t\t<\/div>\n\t\t\t\t\t<\/div>\n\t\t<\/section>\n\t\t\t\t<section class=\"elementor-section elementor-top-section elementor-element elementor-element-261834b6 elementor-section-boxed elementor-section-height-default elementor-section-height-default sc_fly_static\" data-id=\"261834b6\" data-element_type=\"section\" id=\"strofinacci-alimentare-gallery\">\n\t\t\t\t\t\t<div class=\"elementor-container elementor-column-gap-extended\">\n\t\t\t\t\t\t\t<div class=\"elementor-row\">\n\t\t\t\t\t<div class=\"elementor-column elementor-col-100 elementor-top-column elementor-element elementor-element-2267bf90 sc_inner_width_none sc_content_align_inherit sc_layouts_column_icons_position_left sc_fly_static\" data-id=\"2267bf90\" data-element_type=\"column\">\n\t\t\t<div class=\"elementor-column-wrap elementor-element-populated\">\n\t\t\t\t\t\t\t<div class=\"elementor-widget-wrap\">\n\t\t\t\t\t\t<div class=\"elementor-element elementor-element-4d4f3821 sc_fly_static elementor-widget elementor-widget-ilpa_el_products_grid\" data-id=\"4d4f3821\" data-element_type=\"widget\" data-widget_type=\"ilpa_el_products_grid.default\">\n\t\t\t\t<div class=\"elementor-widget-container\">\n\t\t\t                    <div class=\"ilpa-products-grid\">\n                                                    <div class=\"woocommerce\">\n                                <ul class=\"products products_style_default columns- style-list\">\n                                                                                <li class=\"product type-product product_style_default wishlist_decorated\">\n                                                <div class=\"post_item post_layout_thumbs\">\n                                                                                                            <div class=\"post_featured hover_shop\">\n                                                            <a  >\n                                                                <img src=\"https:\/\/ilpasrl.com\/wp-content\/uploads\/2023\/05\/tritex.jpg\" alt=\"Lavoratore con tuta protettiva in polipropilene contro polveri nocive\" width=\"1000\" height=\"1000\" class=\"attachment-woocommerce_thumbnail size-woocommerce_thumbnail\" decoding=\"async\" loading=\"lazy\">\n                                                            <\/a>\n                                                            \n                                                            <div class=\"mask\"><\/div>\n                                                        <\/div>\n                                                                                                            \n                                                    <div class=\"post_data\">\n                                                        <div class=\"post_data_inner\">\n                                                            <div class=\"post_header entry-header\">\n                                                                <h3 class=\"woocommerce-loop-product__title\">\n                                                                    <a  >TRITEX PAINT TEX PLUS<\/a>\n                                                                <\/h3>\n                                                            <\/div>\n\n                                                                                                                            <div class=\"price_wrap\">\n                                                                                                                                            <p class=\"product-features font-span\">BLANC CAT\u00c9GORIE III TYPE 5-6<\/p>\n                                                                                                                                                <p class=\"product-desc\">Fabriqu\u00e9 en mat\u00e9riau multicouche, il prot\u00e8ge contre les poussi\u00e8res fines dangereuses et est antistatique et r\u00e9sistant \u00e0 l'abrasion Il est dot\u00e9 d'une double fermeture \u00e0 glissi\u00e8re - avec \u00e9lastique au niveau de la capuche, des poignets, des chevilles et de la taille<br\/>Domaines d'application : industrie de la peinture industrielle et automobile, travaux de r\u00e9novation, r\u00e9habilitation de sites contamin\u00e9s par l'amiante.<br\/> L - XL - XXL<br\/>Emballage de 25 pi\u00e8ces.<\/p>\n                                                                                                                                        <\/div>\n                                                                                                                        <\/div>\n                                                    <\/div>\n                                                <\/div>\n                                            <\/li>\n                                                                            <\/ul>\n                            <\/div>\n                                                <\/div>\n                    \t\t<\/div>\n\t\t\t\t<\/div>\n\t\t\t\t\t\t<\/div>\n\t\t\t\t\t<\/div>\n\t\t<\/div>\n\t\t\t\t\t\t\t\t<\/div>\n\t\t\t\t\t<\/div>\n\t\t<\/section>\n\t\t\t\t\t\t\t\t\t<\/div>\n\t\t\t<\/div>\n\t\t\t\t\t<\/div>\n\t\t","protected":false},"excerpt":{"rendered":"<p>Combinaison de protection en polypropyl\u00e8ne contre les poussi\u00e8res nocives et les liquides chimiques V\u00eatement de protection contre les poussi\u00e8res nocives et les \u00e9claboussures de liquides chimiques. Peut \u00eatre utilis\u00e9e pour&hellip;<\/p>\n","protected":false},"author":1,"featured_media":1985,"parent":2097,"menu_order":0,"comment_status":"closed","ping_status":"closed","template":"","meta":[],"yoast_head":"<!-- This site is optimized with the Yoast SEO plugin v21.7 - https:\/\/yoast.com\/wordpress\/plugins\/seo\/ -->\n<title>Tritex Pro e Paintex Plus | I.L.P.A.<\/title>\n<meta name=\"robots\" content=\"index, follow, max-snippet:-1, max-image-preview:large, max-video-preview:-1\" \/>\n<link rel=\"canonical\" href=\"https:\/\/ilpasrl.com\/indumenti\/tritex-pro-e-paintex-plus\/\" \/>\n<meta property=\"og:locale\" content=\"fr_FR\" \/>\n<meta property=\"og:type\" content=\"article\" \/>\n<meta property=\"og:title\" content=\"Tritex Pro e Paintex Plus | I.L.P.A.\" \/>\n<meta property=\"og:description\" content=\"Combinaison de protection en polypropyl\u00e8ne contre les poussi\u00e8res nocives et les liquides chimiques V\u00eatement de protection contre les poussi\u00e8res nocives et les \u00e9claboussures de liquides chimiques. Peut \u00eatre utilis\u00e9e pour&hellip;\" \/>\n<meta property=\"og:url\" content=\"https:\/\/ilpasrl.com\/indumenti\/tritex-pro-e-paintex-plus\/\" \/>\n<meta property=\"og:site_name\" content=\"I.L.P.A.\" \/>\n<meta property=\"article:modified_time\" content=\"2023-09-29T07:47:26+00:00\" \/>\n<meta property=\"og:image\" content=\"https:\/\/ilpasrl.com\/wp-content\/uploads\/2023\/04\/page-header-bg.jpg\" \/>\n\t<meta property=\"og:image:width\" content=\"1920\" \/>\n\t<meta property=\"og:image:height\" content=\"720\" \/>\n\t<meta property=\"og:image:type\" content=\"image\/jpeg\" \/>\n<meta name=\"twitter:card\" content=\"summary_large_image\" \/>\n<meta name=\"twitter:label1\" content=\"Dur\u00e9e de lecture estim\u00e9e\" \/>\n\t<meta name=\"twitter:data1\" content=\"1 minute\" \/>\n<!-- \/ Yoast SEO plugin. -->","yoast_head_json":{"title":"Tritex Pro e Paintex Plus | I.L.P.A.","robots":{"index":"index","follow":"follow","max-snippet":"max-snippet:-1","max-image-preview":"max-image-preview:large","max-video-preview":"max-video-preview:-1"},"canonical":"https:\/\/ilpasrl.com\/indumenti\/tritex-pro-e-paintex-plus\/","og_locale":"fr_FR","og_type":"article","og_title":"Tritex Pro e Paintex Plus | I.L.P.A.","og_description":"Combinaison de protection en polypropyl\u00e8ne contre les poussi\u00e8res nocives et les liquides chimiques V\u00eatement de protection contre les poussi\u00e8res nocives et les \u00e9claboussures de liquides chimiques. Peut \u00eatre utilis\u00e9e pour&hellip;","og_url":"https:\/\/ilpasrl.com\/indumenti\/tritex-pro-e-paintex-plus\/","og_site_name":"I.L.P.A.","article_modified_time":"2023-09-29T07:47:26+00:00","og_image":[{"width":1920,"height":720,"url":"https:\/\/ilpasrl.com\/wp-content\/uploads\/2023\/04\/page-header-bg.jpg","type":"image\/jpeg"}],"twitter_card":"summary_large_image","twitter_misc":{"Dur\u00e9e de lecture estim\u00e9e":"1 minute"},"schema":{"@context":"https:\/\/schema.org","@graph":[{"@type":"WebPage","@id":"https:\/\/ilpasrl.com\/indumenti\/tritex-pro-e-paintex-plus\/","url":"https:\/\/ilpasrl.com\/indumenti\/tritex-pro-e-paintex-plus\/","name":"Tritex Pro e Paintex Plus | I.L.P.A.","isPartOf":{"@id":"https:\/\/ilpasrl.com\/#website"},"datePublished":"2023-04-19T19:44:25+00:00","dateModified":"2023-09-29T07:47:26+00:00","breadcrumb":{"@id":"https:\/\/ilpasrl.com\/indumenti\/tritex-pro-e-paintex-plus\/#breadcrumb"},"inLanguage":"fr-FR","potentialAction":[{"@type":"ReadAction","target":["https:\/\/ilpasrl.com\/indumenti\/tritex-pro-e-paintex-plus\/"]}]},{"@type":"BreadcrumbList","@id":"https:\/\/ilpasrl.com\/indumenti\/tritex-pro-e-paintex-plus\/#breadcrumb","itemListElement":[{"@type":"ListItem","position":1,"name":"Home","item":"https:\/\/ilpasrl.com\/fr\/"},{"@type":"ListItem","position":2,"name":"V\u00eatements","item":"https:\/\/ilpasrl.com\/indumenti\/"},{"@type":"ListItem","position":3,"name":"Tritex Pro e Paintex Plus"}]},{"@type":"WebSite","@id":"https:\/\/ilpasrl.com\/#website","url":"https:\/\/ilpasrl.com\/","name":"I.L.P.A.","description":"Tessuti non tessuti","publisher":{"@id":"https:\/\/ilpasrl.com\/#organization"},"potentialAction":[{"@type":"SearchAction","target":{"@type":"EntryPoint","urlTemplate":"https:\/\/ilpasrl.com\/?s={search_term_string}"},"query-input":"required name=search_term_string"}],"inLanguage":"fr-FR"},{"@type":"Organization","@id":"https:\/\/ilpasrl.com\/#organization","name":"I.L.P.A. srl","url":"https:\/\/ilpasrl.com\/","logo":{"@type":"ImageObject","inLanguage":"fr-FR","@id":"https:\/\/ilpasrl.com\/#\/schema\/logo\/image\/","url":"https:\/\/ilpasrl.com\/wp-content\/uploads\/2023\/04\/logo.png","contentUrl":"https:\/\/ilpasrl.com\/wp-content\/uploads\/2023\/04\/logo.png","width":906,"height":196,"caption":"I.L.P.A. srl"},"image":{"@id":"https:\/\/ilpasrl.com\/#\/schema\/logo\/image\/"}}]}},"_links":{"self":[{"href":"https:\/\/ilpasrl.com\/fr\/wp-json\/wp\/v2\/pages\/2103"}],"collection":[{"href":"https:\/\/ilpasrl.com\/fr\/wp-json\/wp\/v2\/pages"}],"about":[{"href":"https:\/\/ilpasrl.com\/fr\/wp-json\/wp\/v2\/types\/page"}],"author":[{"embeddable":true,"href":"https:\/\/ilpasrl.com\/fr\/wp-json\/wp\/v2\/users\/1"}],"replies":[{"embeddable":true,"href":"https:\/\/ilpasrl.com\/fr\/wp-json\/wp\/v2\/comments?post=2103"}],"version-history":[{"count":4,"href":"https:\/\/ilpasrl.com\/fr\/wp-json\/wp\/v2\/pages\/2103\/revisions"}],"predecessor-version":[{"id":2283,"href":"https:\/\/ilpasrl.com\/fr\/wp-json\/wp\/v2\/pages\/2103\/revisions\/2283"}],"up":[{"embeddable":true,"href":"https:\/\/ilpasrl.com\/fr\/wp-json\/wp\/v2\/pages\/2097"}],"wp:featuredmedia":[{"embeddable":true,"href":"https:\/\/ilpasrl.com\/fr\/wp-json\/wp\/v2\/media\/1985"}],"wp:attachment":[{"href":"https:\/\/ilpasrl.com\/fr\/wp-json\/wp\/v2\/media?parent=2103"}],"curies":[{"name":"wp","href":"https:\/\/api.w.org\/{rel}","templated":true}]}}