{"id":2105,"date":"2023-04-19T21:44:57","date_gmt":"2023-04-19T19:44:57","guid":{"rendered":"https:\/\/ilpasrl.com\/vetements\/tuta-secutex-pro\/"},"modified":"2023-09-29T09:48:22","modified_gmt":"2023-09-29T07:48:22","slug":"tuta-secutex-pro","status":"publish","type":"page","link":"https:\/\/ilpasrl.com\/fr\/vetements\/tuta-secutex-pro\/","title":{"rendered":"Tuta Secutex Pro"},"content":{"rendered":"\t\t<div data-elementor-type=\"wp-page\" data-elementor-id=\"2105\" class=\"elementor elementor-2105 elementor-120\" data-elementor-post-type=\"page\">\n\t\t\t\t\t\t<div class=\"elementor-inner\">\n\t\t\t\t<div class=\"elementor-section-wrap\">\n\t\t\t\t\t\t\t\t\t<section class=\"elementor-section elementor-top-section elementor-element elementor-element-47af2df8 elementor-section-stretched elementor-section-boxed elementor-section-height-default elementor-section-height-default sc_fly_static\" data-id=\"47af2df8\" data-element_type=\"section\" id=\"strofinacci-alimentare-intro\" data-settings=\"{&quot;stretch_section&quot;:&quot;section-stretched&quot;,&quot;background_background&quot;:&quot;classic&quot;}\">\n\t\t\t\t\t\t<div class=\"elementor-container elementor-column-gap-extended\">\n\t\t\t\t\t\t\t<div class=\"elementor-row\">\n\t\t\t\t\t<div class=\"elementor-column elementor-col-100 elementor-top-column elementor-element elementor-element-6093580d sc_inner_width_none sc_content_align_inherit sc_layouts_column_icons_position_left sc_fly_static\" data-id=\"6093580d\" data-element_type=\"column\">\n\t\t\t<div class=\"elementor-column-wrap elementor-element-populated\">\n\t\t\t\t\t\t\t<div class=\"elementor-widget-wrap\">\n\t\t\t\t\t\t<div class=\"elementor-element elementor-element-4354f498 sc_fly_static elementor-widget elementor-widget-trx_sc_title\" data-id=\"4354f498\" data-element_type=\"widget\" data-widget_type=\"trx_sc_title.default\">\n\t\t\t\t<div class=\"elementor-widget-container\">\n\t\t\t<div\t\tclass=\"sc_title sc_title_default\" ><h2 class=\"sc_item_title sc_title_title sc_align_center sc_item_title_style_default sc_item_title_tag\"\n\t\t\t><span class=\"sc_item_title_text\">Combinaison de protection pour l'enl\u00e8vement des plaques d'amiante<\/span><\/h2><\/div>\t\t<\/div>\n\t\t\t\t<\/div>\n\t\t\t\t<div class=\"elementor-element elementor-element-52ebaa09 sc_fly_static elementor-widget elementor-widget-text-editor\" data-id=\"52ebaa09\" data-element_type=\"widget\" data-widget_type=\"text-editor.default\">\n\t\t\t\t<div class=\"elementor-widget-container\">\n\t\t\t\t\t\t\t\t<div class=\"elementor-text-editor elementor-clearfix\">\n\t\t\t\t<p>Tr\u00e8s r\u00e9sistant aux particules s\u00e8ches et humides et \u00e0 de nombreux produits chimiques liquides et solides, m\u00eame sous forme d&#8217;a\u00e9rosols, et aux particules chimiques pulv\u00e9rulentes.<br \/>\nExcellent pour l&#8217;enl\u00e8vement de feuilles d&#8217;amiante.<\/p>\n\t\t\t\t\t<\/div>\n\t\t\t\t\t\t<\/div>\n\t\t\t\t<\/div>\n\t\t\t\t\t\t<\/div>\n\t\t\t\t\t<\/div>\n\t\t<\/div>\n\t\t\t\t\t\t\t\t<\/div>\n\t\t\t\t\t<\/div>\n\t\t<\/section>\n\t\t\t\t<section class=\"elementor-section elementor-top-section elementor-element elementor-element-11af6199 elementor-section-boxed elementor-section-height-default elementor-section-height-default sc_fly_static\" data-id=\"11af6199\" data-element_type=\"section\" id=\"strofinacci-alimentare-gallery\">\n\t\t\t\t\t\t<div class=\"elementor-container elementor-column-gap-extended\">\n\t\t\t\t\t\t\t<div class=\"elementor-row\">\n\t\t\t\t\t<div class=\"elementor-column elementor-col-100 elementor-top-column elementor-element elementor-element-4875164b sc_inner_width_none sc_content_align_inherit sc_layouts_column_icons_position_left sc_fly_static\" data-id=\"4875164b\" data-element_type=\"column\">\n\t\t\t<div class=\"elementor-column-wrap elementor-element-populated\">\n\t\t\t\t\t\t\t<div class=\"elementor-widget-wrap\">\n\t\t\t\t\t\t<div class=\"elementor-element elementor-element-3c1956cb sc_fly_static elementor-widget elementor-widget-ilpa_el_products_grid\" data-id=\"3c1956cb\" data-element_type=\"widget\" data-widget_type=\"ilpa_el_products_grid.default\">\n\t\t\t\t<div class=\"elementor-widget-container\">\n\t\t\t                    <div class=\"ilpa-products-grid\">\n                                                    <div class=\"woocommerce\">\n                                <ul class=\"products products_style_default columns- style-list\">\n                                                                                <li class=\"product type-product product_style_default wishlist_decorated\">\n                                                <div class=\"post_item post_layout_thumbs\">\n                                                                                                            <div class=\"post_featured hover_shop\">\n                                                            <a  >\n                                                                <img src=\"https:\/\/ilpasrl.com\/wp-content\/uploads\/2023\/05\/sicuron.jpg\" alt=\"Indumento di protezione dagli agenti chimici\" width=\"642\" height=\"642\" class=\"attachment-woocommerce_thumbnail size-woocommerce_thumbnail\" decoding=\"async\" loading=\"lazy\">\n                                                            <\/a>\n                                                            \n                                                            <div class=\"mask\"><\/div>\n                                                        <\/div>\n                                                                                                            \n                                                    <div class=\"post_data\">\n                                                        <div class=\"post_data_inner\">\n                                                            <div class=\"post_header entry-header\">\n                                                                <h3 class=\"woocommerce-loop-product__title\">\n                                                                    <a  >Secutex Pro<\/a>\n                                                                <\/h3>\n                                                            <\/div>\n\n                                                                                                                            <div class=\"price_wrap\">\n                                                                                                                                            <p class=\"product-features font-span\">CAT\u00c9GORIE DE RISQUE III<\/p>\n                                                                                                                                                <p class=\"product-desc\">V\u00eatements de protection chimique Type 5B-6B<br\/>Combinaison en ppl + poly\u00e9thyl\u00e8ne lamin\u00e9 avec capuche, fermeture \u00e0 glissi\u00e8re \u00e0 double curseur avec couvercle, inserts \u00e9lastiques aux poignets, aux chevilles, \u00e0 la taille et \u00e0 la capuche. Offre une protection contre les particules solides en suspension dans l'air, la contamination par des particules radioactives et les agents infectieux.<br\/>L - XL - XXL<br\/>Emballage : 25 pi\u00e8ces<\/p>\n                                                                                                                                        <\/div>\n                                                                                                                        <\/div>\n                                                    <\/div>\n                                                <\/div>\n                                            <\/li>\n                                                                            <\/ul>\n                            <\/div>\n                                                <\/div>\n                    \t\t<\/div>\n\t\t\t\t<\/div>\n\t\t\t\t\t\t<\/div>\n\t\t\t\t\t<\/div>\n\t\t<\/div>\n\t\t\t\t\t\t\t\t<\/div>\n\t\t\t\t\t<\/div>\n\t\t<\/section>\n\t\t\t\t\t\t\t\t\t<\/div>\n\t\t\t<\/div>\n\t\t\t\t\t<\/div>\n\t\t","protected":false},"excerpt":{"rendered":"<p>Combinaison de protection pour l&#8217;enl\u00e8vement des plaques d&#8217;amiante Tr\u00e8s r\u00e9sistant aux particules s\u00e8ches et humides et \u00e0 de nombreux produits chimiques liquides et solides, m\u00eame sous forme d&#8217;a\u00e9rosols, et aux&hellip;<\/p>\n","protected":false},"author":1,"featured_media":1985,"parent":2097,"menu_order":0,"comment_status":"closed","ping_status":"closed","template":"","meta":[],"yoast_head":"<!-- This site is optimized with the Yoast SEO plugin v21.7 - https:\/\/yoast.com\/wordpress\/plugins\/seo\/ -->\n<title>Tuta Secutex Pro | I.L.P.A.<\/title>\n<meta name=\"robots\" content=\"index, follow, max-snippet:-1, max-image-preview:large, max-video-preview:-1\" \/>\n<link rel=\"canonical\" href=\"https:\/\/ilpasrl.com\/indumenti\/tuta-secutex-pro\/\" \/>\n<meta property=\"og:locale\" content=\"fr_FR\" \/>\n<meta property=\"og:type\" content=\"article\" \/>\n<meta property=\"og:title\" content=\"Tuta Secutex Pro | I.L.P.A.\" \/>\n<meta property=\"og:description\" content=\"Combinaison de protection pour l&#8217;enl\u00e8vement des plaques d&#8217;amiante Tr\u00e8s r\u00e9sistant aux particules s\u00e8ches et humides et \u00e0 de nombreux produits chimiques liquides et solides, m\u00eame sous forme d&#8217;a\u00e9rosols, et aux&hellip;\" \/>\n<meta property=\"og:url\" content=\"https:\/\/ilpasrl.com\/indumenti\/tuta-secutex-pro\/\" \/>\n<meta property=\"og:site_name\" content=\"I.L.P.A.\" \/>\n<meta property=\"article:modified_time\" content=\"2023-09-29T07:48:22+00:00\" \/>\n<meta property=\"og:image\" content=\"https:\/\/ilpasrl.com\/wp-content\/uploads\/2023\/04\/page-header-bg.jpg\" \/>\n\t<meta property=\"og:image:width\" content=\"1920\" \/>\n\t<meta property=\"og:image:height\" content=\"720\" \/>\n\t<meta property=\"og:image:type\" content=\"image\/jpeg\" \/>\n<meta name=\"twitter:card\" content=\"summary_large_image\" \/>\n<meta name=\"twitter:label1\" content=\"Dur\u00e9e de lecture estim\u00e9e\" \/>\n\t<meta name=\"twitter:data1\" content=\"1 minute\" \/>\n<!-- \/ Yoast SEO plugin. -->","yoast_head_json":{"title":"Tuta Secutex Pro | I.L.P.A.","robots":{"index":"index","follow":"follow","max-snippet":"max-snippet:-1","max-image-preview":"max-image-preview:large","max-video-preview":"max-video-preview:-1"},"canonical":"https:\/\/ilpasrl.com\/indumenti\/tuta-secutex-pro\/","og_locale":"fr_FR","og_type":"article","og_title":"Tuta Secutex Pro | I.L.P.A.","og_description":"Combinaison de protection pour l&#8217;enl\u00e8vement des plaques d&#8217;amiante Tr\u00e8s r\u00e9sistant aux particules s\u00e8ches et humides et \u00e0 de nombreux produits chimiques liquides et solides, m\u00eame sous forme d&#8217;a\u00e9rosols, et aux&hellip;","og_url":"https:\/\/ilpasrl.com\/indumenti\/tuta-secutex-pro\/","og_site_name":"I.L.P.A.","article_modified_time":"2023-09-29T07:48:22+00:00","og_image":[{"width":1920,"height":720,"url":"https:\/\/ilpasrl.com\/wp-content\/uploads\/2023\/04\/page-header-bg.jpg","type":"image\/jpeg"}],"twitter_card":"summary_large_image","twitter_misc":{"Dur\u00e9e de lecture estim\u00e9e":"1 minute"},"schema":{"@context":"https:\/\/schema.org","@graph":[{"@type":"WebPage","@id":"https:\/\/ilpasrl.com\/indumenti\/tuta-secutex-pro\/","url":"https:\/\/ilpasrl.com\/indumenti\/tuta-secutex-pro\/","name":"Tuta Secutex Pro | I.L.P.A.","isPartOf":{"@id":"https:\/\/ilpasrl.com\/#website"},"datePublished":"2023-04-19T19:44:57+00:00","dateModified":"2023-09-29T07:48:22+00:00","breadcrumb":{"@id":"https:\/\/ilpasrl.com\/indumenti\/tuta-secutex-pro\/#breadcrumb"},"inLanguage":"fr-FR","potentialAction":[{"@type":"ReadAction","target":["https:\/\/ilpasrl.com\/indumenti\/tuta-secutex-pro\/"]}]},{"@type":"BreadcrumbList","@id":"https:\/\/ilpasrl.com\/indumenti\/tuta-secutex-pro\/#breadcrumb","itemListElement":[{"@type":"ListItem","position":1,"name":"Home","item":"https:\/\/ilpasrl.com\/fr\/"},{"@type":"ListItem","position":2,"name":"V\u00eatements","item":"https:\/\/ilpasrl.com\/indumenti\/"},{"@type":"ListItem","position":3,"name":"Tuta Secutex Pro"}]},{"@type":"WebSite","@id":"https:\/\/ilpasrl.com\/#website","url":"https:\/\/ilpasrl.com\/","name":"I.L.P.A.","description":"Tessuti non tessuti","publisher":{"@id":"https:\/\/ilpasrl.com\/#organization"},"potentialAction":[{"@type":"SearchAction","target":{"@type":"EntryPoint","urlTemplate":"https:\/\/ilpasrl.com\/?s={search_term_string}"},"query-input":"required name=search_term_string"}],"inLanguage":"fr-FR"},{"@type":"Organization","@id":"https:\/\/ilpasrl.com\/#organization","name":"I.L.P.A. srl","url":"https:\/\/ilpasrl.com\/","logo":{"@type":"ImageObject","inLanguage":"fr-FR","@id":"https:\/\/ilpasrl.com\/#\/schema\/logo\/image\/","url":"https:\/\/ilpasrl.com\/wp-content\/uploads\/2023\/04\/logo.png","contentUrl":"https:\/\/ilpasrl.com\/wp-content\/uploads\/2023\/04\/logo.png","width":906,"height":196,"caption":"I.L.P.A. srl"},"image":{"@id":"https:\/\/ilpasrl.com\/#\/schema\/logo\/image\/"}}]}},"_links":{"self":[{"href":"https:\/\/ilpasrl.com\/fr\/wp-json\/wp\/v2\/pages\/2105"}],"collection":[{"href":"https:\/\/ilpasrl.com\/fr\/wp-json\/wp\/v2\/pages"}],"about":[{"href":"https:\/\/ilpasrl.com\/fr\/wp-json\/wp\/v2\/types\/page"}],"author":[{"embeddable":true,"href":"https:\/\/ilpasrl.com\/fr\/wp-json\/wp\/v2\/users\/1"}],"replies":[{"embeddable":true,"href":"https:\/\/ilpasrl.com\/fr\/wp-json\/wp\/v2\/comments?post=2105"}],"version-history":[{"count":4,"href":"https:\/\/ilpasrl.com\/fr\/wp-json\/wp\/v2\/pages\/2105\/revisions"}],"predecessor-version":[{"id":2286,"href":"https:\/\/ilpasrl.com\/fr\/wp-json\/wp\/v2\/pages\/2105\/revisions\/2286"}],"up":[{"embeddable":true,"href":"https:\/\/ilpasrl.com\/fr\/wp-json\/wp\/v2\/pages\/2097"}],"wp:featuredmedia":[{"embeddable":true,"href":"https:\/\/ilpasrl.com\/fr\/wp-json\/wp\/v2\/media\/1985"}],"wp:attachment":[{"href":"https:\/\/ilpasrl.com\/fr\/wp-json\/wp\/v2\/media?parent=2105"}],"curies":[{"name":"wp","href":"https:\/\/api.w.org\/{rel}","templated":true}]}}