{"id":2107,"date":"2023-04-19T21:44:02","date_gmt":"2023-04-19T19:44:02","guid":{"rendered":"https:\/\/ilpasrl.com\/vetements\/tuta-tyvek-500-xpert\/"},"modified":"2023-09-29T09:46:35","modified_gmt":"2023-09-29T07:46:35","slug":"tuta-tyvek-500-xpert","status":"publish","type":"page","link":"https:\/\/ilpasrl.com\/fr\/vetements\/tuta-tyvek-500-xpert\/","title":{"rendered":"Tuta Tyvek 500 Xpert"},"content":{"rendered":"\t\t<div data-elementor-type=\"wp-page\" data-elementor-id=\"2107\" class=\"elementor elementor-2107 elementor-116\" data-elementor-post-type=\"page\">\n\t\t\t\t\t\t<div class=\"elementor-inner\">\n\t\t\t\t<div class=\"elementor-section-wrap\">\n\t\t\t\t\t\t\t\t\t<section class=\"elementor-section elementor-top-section elementor-element elementor-element-2aa8285e elementor-section-stretched elementor-section-boxed elementor-section-height-default elementor-section-height-default sc_fly_static\" data-id=\"2aa8285e\" data-element_type=\"section\" id=\"strofinacci-alimentare-intro\" data-settings=\"{&quot;stretch_section&quot;:&quot;section-stretched&quot;,&quot;background_background&quot;:&quot;classic&quot;}\">\n\t\t\t\t\t\t<div class=\"elementor-container elementor-column-gap-extended\">\n\t\t\t\t\t\t\t<div class=\"elementor-row\">\n\t\t\t\t\t<div class=\"elementor-column elementor-col-100 elementor-top-column elementor-element elementor-element-583b0bbc sc_inner_width_none sc_content_align_inherit sc_layouts_column_icons_position_left sc_fly_static\" data-id=\"583b0bbc\" data-element_type=\"column\">\n\t\t\t<div class=\"elementor-column-wrap elementor-element-populated\">\n\t\t\t\t\t\t\t<div class=\"elementor-widget-wrap\">\n\t\t\t\t\t\t<div class=\"elementor-element elementor-element-170cbddf sc_fly_static elementor-widget elementor-widget-trx_sc_title\" data-id=\"170cbddf\" data-element_type=\"widget\" data-widget_type=\"trx_sc_title.default\">\n\t\t\t\t<div class=\"elementor-widget-container\">\n\t\t\t<div\t\tclass=\"sc_title sc_title_default\" ><h2 class=\"sc_item_title sc_title_title sc_align_center sc_item_title_style_default sc_item_title_tag\"\n\t\t\t><span class=\"sc_item_title_text\">Combinaison anti-contamination et de protection contre les particules et les produits chimiques<\/span><\/h2><\/div>\t\t<\/div>\n\t\t\t\t<\/div>\n\t\t\t\t<div class=\"elementor-element elementor-element-59652417 sc_fly_static elementor-widget elementor-widget-text-editor\" data-id=\"59652417\" data-element_type=\"widget\" data-widget_type=\"text-editor.default\">\n\t\t\t\t<div class=\"elementor-widget-container\">\n\t\t\t\t\t\t\t\t<div class=\"elementor-text-editor elementor-clearfix\">\n\t\t\t\t<p>Excellente barri\u00e8re contre les particules s\u00e8ches et humides, les nombreux produits chimiques liquides et les a\u00e9rosols de produits chimiques liquides ou solides. Hautement r\u00e9pulsif contre de nombreux produits chimiques liquides et particules de poussi\u00e8re gr\u00e2ce \u00e0 sa surface lisse, sa nature chimique et son traitement antistatique.<\/p>\n\t\t\t\t\t<\/div>\n\t\t\t\t\t\t<\/div>\n\t\t\t\t<\/div>\n\t\t\t\t\t\t<\/div>\n\t\t\t\t\t<\/div>\n\t\t<\/div>\n\t\t\t\t\t\t\t\t<\/div>\n\t\t\t\t\t<\/div>\n\t\t<\/section>\n\t\t\t\t<section class=\"elementor-section elementor-top-section elementor-element elementor-element-11a43e93 elementor-section-boxed elementor-section-height-default elementor-section-height-default sc_fly_static\" data-id=\"11a43e93\" data-element_type=\"section\" id=\"strofinacci-alimentare-gallery\">\n\t\t\t\t\t\t<div class=\"elementor-container elementor-column-gap-extended\">\n\t\t\t\t\t\t\t<div class=\"elementor-row\">\n\t\t\t\t\t<div class=\"elementor-column elementor-col-100 elementor-top-column elementor-element elementor-element-5e966f32 sc_inner_width_none sc_content_align_inherit sc_layouts_column_icons_position_left sc_fly_static\" data-id=\"5e966f32\" data-element_type=\"column\">\n\t\t\t<div class=\"elementor-column-wrap elementor-element-populated\">\n\t\t\t\t\t\t\t<div class=\"elementor-widget-wrap\">\n\t\t\t\t\t\t<div class=\"elementor-element elementor-element-6d4715f4 sc_fly_static elementor-widget elementor-widget-ilpa_el_products_grid\" data-id=\"6d4715f4\" data-element_type=\"widget\" data-widget_type=\"ilpa_el_products_grid.default\">\n\t\t\t\t<div class=\"elementor-widget-container\">\n\t\t\t                    <div class=\"ilpa-products-grid\">\n                                                    <div class=\"woocommerce\">\n                                <ul class=\"products products_style_default columns- style-list\">\n                                                                                <li class=\"product type-product product_style_default wishlist_decorated\">\n                                                <div class=\"post_item post_layout_thumbs\">\n                                                                                                            <div class=\"post_featured hover_shop\">\n                                                            <a  >\n                                                                <img src=\"https:\/\/ilpasrl.com\/wp-content\/uploads\/2023\/05\/tyvek.jpg\" alt=\"Tuta anticontaminazione e protezione contro particelle e sostanze chimiche\" width=\"1000\" height=\"1000\" class=\"attachment-woocommerce_thumbnail size-woocommerce_thumbnail\" decoding=\"async\" loading=\"lazy\">\n                                                            <\/a>\n                                                            \n                                                            <div class=\"mask\"><\/div>\n                                                        <\/div>\n                                                                                                            \n                                                    <div class=\"post_data\">\n                                                        <div class=\"post_data_inner\">\n                                                            <div class=\"post_header entry-header\">\n                                                                <h3 class=\"woocommerce-loop-product__title\">\n                                                                    <a  >Tuta DuPont\u2122 Tyvek\u00ae 500 Xpert<\/a>\n                                                                <\/h3>\n                                                            <\/div>\n\n                                                                                                                            <div class=\"price_wrap\">\n                                                                                                                                            <p class=\"product-features font-span\">CAT\u00c9GORIE DE RISQUE III TYPE 5B ET 6B<\/p>\n                                                                                                                                                <p class=\"product-desc\">DuPont\u2122 Tyvek\u00ae 500 Xpert. Combinaison \u00e0 capuche. Conception ergonomique et protectrice.<br\/>Coutures ext\u00e9rieures renforc\u00e9es. Poignets, chevilles et visage avec \u00e9lastiques. Ceinture \u00e9lastique<br\/>(coll\u00e9e). Zip et rabat Tyvek\u00ae Eco Pack disponibles. Blanc.<br\/><br\/>Certifi\u00e9 conform\u00e9ment au r\u00e8glement (UE) 2016\/425<br\/>V\u00eatements de protection chimique, Cat\u00e9gorie III, Type 5-B et 6-B<br\/>EN 14126 (barri\u00e8re contre les agents infectieux)<br\/>EN 1073-2 (protection contre la contamination radioactive)<br\/>Traitement antistatique (EN 1149-5) - des deux c\u00f4t\u00e9s<br\/> M-L-XL-XXL<br\/>Emballage 25 pcs<\/p>\n                                                                                                                                        <\/div>\n                                                                                                                        <\/div>\n                                                    <\/div>\n                                                <\/div>\n                                            <\/li>\n                                                                            <\/ul>\n                            <\/div>\n                                                <\/div>\n                    \t\t<\/div>\n\t\t\t\t<\/div>\n\t\t\t\t\t\t<\/div>\n\t\t\t\t\t<\/div>\n\t\t<\/div>\n\t\t\t\t\t\t\t\t<\/div>\n\t\t\t\t\t<\/div>\n\t\t<\/section>\n\t\t\t\t\t\t\t\t\t<\/div>\n\t\t\t<\/div>\n\t\t\t\t\t<\/div>\n\t\t","protected":false},"excerpt":{"rendered":"<p>Combinaison anti-contamination et de protection contre les particules et les produits chimiques Excellente barri\u00e8re contre les particules s\u00e8ches et humides, les nombreux produits chimiques liquides et les a\u00e9rosols de produits&hellip;<\/p>\n","protected":false},"author":1,"featured_media":1985,"parent":2097,"menu_order":0,"comment_status":"closed","ping_status":"closed","template":"","meta":[],"yoast_head":"<!-- This site is optimized with the Yoast SEO plugin v21.7 - https:\/\/yoast.com\/wordpress\/plugins\/seo\/ -->\n<title>Tuta Tyvek 500 Xpert | I.L.P.A.<\/title>\n<meta name=\"robots\" content=\"index, follow, max-snippet:-1, max-image-preview:large, max-video-preview:-1\" \/>\n<link rel=\"canonical\" href=\"https:\/\/ilpasrl.com\/indumenti\/tuta-tyvek-500-xpert\/\" \/>\n<meta property=\"og:locale\" content=\"fr_FR\" \/>\n<meta property=\"og:type\" content=\"article\" \/>\n<meta property=\"og:title\" content=\"Tuta Tyvek 500 Xpert | I.L.P.A.\" \/>\n<meta property=\"og:description\" content=\"Combinaison anti-contamination et de protection contre les particules et les produits chimiques Excellente barri\u00e8re contre les particules s\u00e8ches et humides, les nombreux produits chimiques liquides et les a\u00e9rosols de produits&hellip;\" \/>\n<meta property=\"og:url\" content=\"https:\/\/ilpasrl.com\/indumenti\/tuta-tyvek-500-xpert\/\" \/>\n<meta property=\"og:site_name\" content=\"I.L.P.A.\" \/>\n<meta property=\"article:modified_time\" content=\"2023-09-29T07:46:35+00:00\" \/>\n<meta property=\"og:image\" content=\"https:\/\/ilpasrl.com\/wp-content\/uploads\/2023\/04\/page-header-bg.jpg\" \/>\n\t<meta property=\"og:image:width\" content=\"1920\" \/>\n\t<meta property=\"og:image:height\" content=\"720\" \/>\n\t<meta property=\"og:image:type\" content=\"image\/jpeg\" \/>\n<meta name=\"twitter:card\" content=\"summary_large_image\" \/>\n<meta name=\"twitter:label1\" content=\"Dur\u00e9e de lecture estim\u00e9e\" \/>\n\t<meta name=\"twitter:data1\" content=\"1 minute\" \/>\n<!-- \/ Yoast SEO plugin. -->","yoast_head_json":{"title":"Tuta Tyvek 500 Xpert | I.L.P.A.","robots":{"index":"index","follow":"follow","max-snippet":"max-snippet:-1","max-image-preview":"max-image-preview:large","max-video-preview":"max-video-preview:-1"},"canonical":"https:\/\/ilpasrl.com\/indumenti\/tuta-tyvek-500-xpert\/","og_locale":"fr_FR","og_type":"article","og_title":"Tuta Tyvek 500 Xpert | I.L.P.A.","og_description":"Combinaison anti-contamination et de protection contre les particules et les produits chimiques Excellente barri\u00e8re contre les particules s\u00e8ches et humides, les nombreux produits chimiques liquides et les a\u00e9rosols de produits&hellip;","og_url":"https:\/\/ilpasrl.com\/indumenti\/tuta-tyvek-500-xpert\/","og_site_name":"I.L.P.A.","article_modified_time":"2023-09-29T07:46:35+00:00","og_image":[{"width":1920,"height":720,"url":"https:\/\/ilpasrl.com\/wp-content\/uploads\/2023\/04\/page-header-bg.jpg","type":"image\/jpeg"}],"twitter_card":"summary_large_image","twitter_misc":{"Dur\u00e9e de lecture estim\u00e9e":"1 minute"},"schema":{"@context":"https:\/\/schema.org","@graph":[{"@type":"WebPage","@id":"https:\/\/ilpasrl.com\/indumenti\/tuta-tyvek-500-xpert\/","url":"https:\/\/ilpasrl.com\/indumenti\/tuta-tyvek-500-xpert\/","name":"Tuta Tyvek 500 Xpert | I.L.P.A.","isPartOf":{"@id":"https:\/\/ilpasrl.com\/#website"},"datePublished":"2023-04-19T19:44:02+00:00","dateModified":"2023-09-29T07:46:35+00:00","breadcrumb":{"@id":"https:\/\/ilpasrl.com\/indumenti\/tuta-tyvek-500-xpert\/#breadcrumb"},"inLanguage":"fr-FR","potentialAction":[{"@type":"ReadAction","target":["https:\/\/ilpasrl.com\/indumenti\/tuta-tyvek-500-xpert\/"]}]},{"@type":"BreadcrumbList","@id":"https:\/\/ilpasrl.com\/indumenti\/tuta-tyvek-500-xpert\/#breadcrumb","itemListElement":[{"@type":"ListItem","position":1,"name":"Home","item":"https:\/\/ilpasrl.com\/fr\/"},{"@type":"ListItem","position":2,"name":"V\u00eatements","item":"https:\/\/ilpasrl.com\/indumenti\/"},{"@type":"ListItem","position":3,"name":"Tuta Tyvek 500 Xpert"}]},{"@type":"WebSite","@id":"https:\/\/ilpasrl.com\/#website","url":"https:\/\/ilpasrl.com\/","name":"I.L.P.A.","description":"Tessuti non tessuti","publisher":{"@id":"https:\/\/ilpasrl.com\/#organization"},"potentialAction":[{"@type":"SearchAction","target":{"@type":"EntryPoint","urlTemplate":"https:\/\/ilpasrl.com\/?s={search_term_string}"},"query-input":"required name=search_term_string"}],"inLanguage":"fr-FR"},{"@type":"Organization","@id":"https:\/\/ilpasrl.com\/#organization","name":"I.L.P.A. srl","url":"https:\/\/ilpasrl.com\/","logo":{"@type":"ImageObject","inLanguage":"fr-FR","@id":"https:\/\/ilpasrl.com\/#\/schema\/logo\/image\/","url":"https:\/\/ilpasrl.com\/wp-content\/uploads\/2023\/04\/logo.png","contentUrl":"https:\/\/ilpasrl.com\/wp-content\/uploads\/2023\/04\/logo.png","width":906,"height":196,"caption":"I.L.P.A. srl"},"image":{"@id":"https:\/\/ilpasrl.com\/#\/schema\/logo\/image\/"}}]}},"_links":{"self":[{"href":"https:\/\/ilpasrl.com\/fr\/wp-json\/wp\/v2\/pages\/2107"}],"collection":[{"href":"https:\/\/ilpasrl.com\/fr\/wp-json\/wp\/v2\/pages"}],"about":[{"href":"https:\/\/ilpasrl.com\/fr\/wp-json\/wp\/v2\/types\/page"}],"author":[{"embeddable":true,"href":"https:\/\/ilpasrl.com\/fr\/wp-json\/wp\/v2\/users\/1"}],"replies":[{"embeddable":true,"href":"https:\/\/ilpasrl.com\/fr\/wp-json\/wp\/v2\/comments?post=2107"}],"version-history":[{"count":4,"href":"https:\/\/ilpasrl.com\/fr\/wp-json\/wp\/v2\/pages\/2107\/revisions"}],"predecessor-version":[{"id":2280,"href":"https:\/\/ilpasrl.com\/fr\/wp-json\/wp\/v2\/pages\/2107\/revisions\/2280"}],"up":[{"embeddable":true,"href":"https:\/\/ilpasrl.com\/fr\/wp-json\/wp\/v2\/pages\/2097"}],"wp:featuredmedia":[{"embeddable":true,"href":"https:\/\/ilpasrl.com\/fr\/wp-json\/wp\/v2\/media\/1985"}],"wp:attachment":[{"href":"https:\/\/ilpasrl.com\/fr\/wp-json\/wp\/v2\/media?parent=2107"}],"curies":[{"name":"wp","href":"https:\/\/api.w.org\/{rel}","templated":true}]}}