{"id":2120,"date":"2023-04-19T21:38:26","date_gmt":"2023-04-19T19:38:26","guid":{"rendered":"https:\/\/ilpasrl.com\/torchons\/"},"modified":"2025-06-03T10:15:43","modified_gmt":"2025-06-03T08:15:43","slug":"torchons","status":"publish","type":"page","link":"https:\/\/ilpasrl.com\/fr\/torchons\/","title":{"rendered":"Torchons in TnT"},"content":{"rendered":"\t\t<div data-elementor-type=\"wp-page\" data-elementor-id=\"2120\" class=\"elementor elementor-2120 elementor-100\" data-elementor-post-type=\"page\">\n\t\t\t\t\t\t<div class=\"elementor-inner\">\n\t\t\t\t<div class=\"elementor-section-wrap\">\n\t\t\t\t\t\t\t\t\t<section class=\"elementor-section elementor-top-section elementor-element elementor-element-1071ce05 elementor-section-stretched elementor-section-boxed elementor-section-height-default elementor-section-height-default sc_fly_static\" data-id=\"1071ce05\" data-element_type=\"section\" id=\"strofinacci-details\" data-settings=\"{&quot;stretch_section&quot;:&quot;section-stretched&quot;}\">\n\t\t\t\t\t\t<div class=\"elementor-container elementor-column-gap-extended\">\n\t\t\t\t\t\t\t<div class=\"elementor-row\">\n\t\t\t\t\t<div class=\"elementor-column elementor-col-100 elementor-top-column elementor-element elementor-element-629eea3e sc_inner_width_none sc_content_align_inherit sc_layouts_column_icons_position_left sc_fly_static\" data-id=\"629eea3e\" data-element_type=\"column\">\n\t\t\t<div class=\"elementor-column-wrap elementor-element-populated\">\n\t\t\t\t\t\t\t<div class=\"elementor-widget-wrap\">\n\t\t\t\t\t\t<section class=\"elementor-section elementor-inner-section elementor-element elementor-element-449c724d elementor-section-boxed elementor-section-height-default elementor-section-height-default sc_fly_static\" data-id=\"449c724d\" data-element_type=\"section\">\n\t\t\t\t\t\t<div class=\"elementor-container elementor-column-gap-no\">\n\t\t\t\t\t\t\t<div class=\"elementor-row\">\n\t\t\t\t\t<div class=\"elementor-column elementor-col-50 elementor-inner-column elementor-element elementor-element-3a7481f sc_inner_width_none sc_content_align_inherit sc_layouts_column_icons_position_left sc_fly_static\" data-id=\"3a7481f\" data-element_type=\"column\">\n\t\t\t<div class=\"elementor-column-wrap elementor-element-populated\">\n\t\t\t\t\t\t\t<div class=\"elementor-widget-wrap\">\n\t\t\t\t\t\t<div class=\"elementor-element elementor-element-70c7e3ef sc_fly_static elementor-widget elementor-widget-trx_sc_title\" data-id=\"70c7e3ef\" data-element_type=\"widget\" data-widget_type=\"trx_sc_title.default\">\n\t\t\t\t<div class=\"elementor-widget-container\">\n\t\t\t<div\t\tclass=\"sc_title sc_title_default\" ><h2 class=\"sc_item_title sc_title_title sc_item_title_style_default sc_item_title_tag\"\n\t\t\t><span class=\"sc_item_title_text\">Les avantages des torchons STROFTEX\u00ae<\/span><\/h2><\/div>\t\t<\/div>\n\t\t\t\t<\/div>\n\t\t\t\t\t\t<\/div>\n\t\t\t\t\t<\/div>\n\t\t<\/div>\n\t\t\t\t<div class=\"elementor-column elementor-col-50 elementor-inner-column elementor-element elementor-element-570a295d sc_inner_width_none sc_content_align_inherit sc_layouts_column_icons_position_left sc_fly_static\" data-id=\"570a295d\" data-element_type=\"column\">\n\t\t\t<div class=\"elementor-column-wrap elementor-element-populated\">\n\t\t\t\t\t\t\t<div class=\"elementor-widget-wrap\">\n\t\t\t\t\t\t<div class=\"elementor-element elementor-element-3a37d852 sc_fly_static elementor-widget elementor-widget-text-editor\" data-id=\"3a37d852\" data-element_type=\"widget\" data-widget_type=\"text-editor.default\">\n\t\t\t\t<div class=\"elementor-widget-container\">\n\t\t\t\t\t\t\t\t<div class=\"elementor-text-editor elementor-clearfix\">\n\t\t\t\t<ul class=\"trx_addons_list_dot dots-red\">\n \t<li>Ils ne s&#8217;effritent pas comme du papier ordinaire, car ils sont &#8220;non tiss\u00e9s&#8221; et r\u00e9sistent \u00e0 tout solvant.<\/li>\n \t<li>Ils ne laissent aucun poils derri\u00e8re eux.<\/li>\n \t<li>Ils absorbent environ 6 fois plus qu\u2019un chiffon normal.<\/li>\n \t<li>Ils ont une r\u00e9sistance m\u00e9canique de haut niveau.<\/li>\n \t<li>Ils p\u00e8sent tr\u00e8s peu et co\u00fbtent donc moins cher \u00e0 l&#8217;unit\u00e9 qu&#8217;un chiffon normal.<\/li>\n \t<li>Ils sont tout \u00e0 fait hygi\u00e8niques.<\/li>\n \t<li>Conditionn\u00e9s \u00e0 plat en diff\u00e9rentes tailles ou en bobine, ils offrent un stockage optimal.<\/li>\n \t<li>Ils co\u00fbtent peu cher \u00e0 \u00e9liminer car ils sont l\u00e9gers.<\/li>\n<\/ul>\t\t\t\t\t<\/div>\n\t\t\t\t\t\t<\/div>\n\t\t\t\t<\/div>\n\t\t\t\t\t\t<\/div>\n\t\t\t\t\t<\/div>\n\t\t<\/div>\n\t\t\t\t\t\t\t\t<\/div>\n\t\t\t\t\t<\/div>\n\t\t<\/section>\n\t\t\t\t\t\t<\/div>\n\t\t\t\t\t<\/div>\n\t\t<\/div>\n\t\t\t\t\t\t\t\t<\/div>\n\t\t\t\t\t<\/div>\n\t\t<\/section>\n\t\t\t\t<section class=\"elementor-section elementor-top-section elementor-element elementor-element-74be6642 elementor-section-boxed elementor-section-height-default elementor-section-height-default sc_fly_static\" data-id=\"74be6642\" data-element_type=\"section\" id=\"strofinacci-subcategories\">\n\t\t\t\t\t\t<div class=\"elementor-container elementor-column-gap-extended\">\n\t\t\t\t\t\t\t<div class=\"elementor-row\">\n\t\t\t\t\t<div class=\"elementor-column elementor-col-100 elementor-top-column elementor-element elementor-element-5365b94a sc_inner_width_none sc_content_align_inherit sc_layouts_column_icons_position_left sc_fly_static\" data-id=\"5365b94a\" data-element_type=\"column\">\n\t\t\t<div class=\"elementor-column-wrap elementor-element-populated\">\n\t\t\t\t\t\t\t<div class=\"elementor-widget-wrap\">\n\t\t\t\t\t\t<div class=\"elementor-element elementor-element-e36a64f sc_fly_static elementor-widget elementor-widget-ilpa_el_link_boxes\" data-id=\"e36a64f\" data-element_type=\"widget\" data-widget_type=\"ilpa_el_link_boxes.default\">\n\t\t\t\t<div class=\"elementor-widget-container\">\n\t\t\t                    <div class=\"ilpa-link-boxes\">\n                                                    <div class=\"sc_services sc_services_unusual sc_services_featured_top\">\n                                <div class=\"sc_services_columns_wrap sc_item_columns sc_item_posts_container sc_item_columns_3 trx_addons_columns_wrap columns_padding_bottom columns_in_single_row\">\n                                                                                <div class=\"trx_addons_column-1_3\">\n                                                <div class=\"sc_services_item sc_item_container post_container without_content with_image sc_services_item_featured_top\">\n                                                                                                            <div class=\"post_featured with_thumb hover_link sc_services_item_thumb\">\n                                                            <img src=\"https:\/\/ilpasrl.com\/wp-content\/uploads\/2023\/04\/strofinacci-1.jpg\" alt=\"strofinaccio e flacone di prodotto per la pulizia industriale\" width=\"890\" height=\"664\" loading=\"lazy\" class=\"attachment-fabric-thumb-square size-fabric-thumb-square wp-post-image\" decoding=\"async\">\n                                                            <div class=\"mask\"><\/div>\n                                                            <a class=\"post_link sc_services_item_link\" href=\"https:\/\/ilpasrl.com\/fr\/torchons\/alimentation\/\"  title=\"Alimentare\"><\/a>\n                                                            <a class=\"link\" aria-hidden=\"true\" href=\"https:\/\/ilpasrl.com\/fr\/torchons\/alimentation\/\"  title=\"Alimentare\"><\/a>\n                                                        <\/div>\n                                                        \n                                                                                                            <div class=\"sc_services_item_info\">\n                                                            <div class=\"sc_services_item_header\">\n                                                                <div class=\"sc_services_item_title_wrap\">\n                                                                    <p class=\"sc_services_item_title entry-title font-span\">\n                                                                        <a href=\"https:\/\/ilpasrl.com\/fr\/torchons\/alimentation\/\"  title=\"Alimentare\">\n                                                                            <!--<span class=\"sc_services_item_number\"><\/span>-->\n                                                                            <span class=\"sc_services_item_title_text\">Industrie alimentaire<\/span>\n                                                                        <\/a>\n                                                                    <\/p>\n                                                                <\/div>\n                                                            <\/div>\n                                                        <\/div>\n                                                                                                        <\/div>\n                                            <\/div>\n                                                                                        <div class=\"trx_addons_column-1_3\">\n                                                <div class=\"sc_services_item sc_item_container post_container without_content with_image sc_services_item_featured_top\">\n                                                                                                            <div class=\"post_featured with_thumb hover_link sc_services_item_thumb\">\n                                                            <img src=\"https:\/\/ilpasrl.com\/wp-content\/uploads\/2023\/04\/strofinacci-2.jpg\" alt=\"Strofinacci per l'industria metalmeccanica\" width=\"890\" height=\"664\" loading=\"lazy\" class=\"attachment-fabric-thumb-square size-fabric-thumb-square wp-post-image\" decoding=\"async\">\n                                                            <div class=\"mask\"><\/div>\n                                                            <a class=\"post_link sc_services_item_link\" href=\"https:\/\/ilpasrl.com\/fr\/torchons\/metallurgie-industrielle\/\"  title=\"Industriale metalmeccanico\"><\/a>\n                                                            <a class=\"link\" aria-hidden=\"true\" href=\"https:\/\/ilpasrl.com\/fr\/torchons\/metallurgie-industrielle\/\"  title=\"Industriale metalmeccanico\"><\/a>\n                                                        <\/div>\n                                                        \n                                                                                                            <div class=\"sc_services_item_info\">\n                                                            <div class=\"sc_services_item_header\">\n                                                                <div class=\"sc_services_item_title_wrap\">\n                                                                    <p class=\"sc_services_item_title entry-title font-span\">\n                                                                        <a href=\"https:\/\/ilpasrl.com\/fr\/torchons\/metallurgie-industrielle\/\"  title=\"Industriale metalmeccanico\">\n                                                                            <!--<span class=\"sc_services_item_number\"><\/span>-->\n                                                                            <span class=\"sc_services_item_title_text\">M\u00e9tallurgie Industrielle<\/span>\n                                                                        <\/a>\n                                                                    <\/p>\n                                                                <\/div>\n                                                            <\/div>\n                                                        <\/div>\n                                                                                                        <\/div>\n                                            <\/div>\n                                                                                        <div class=\"trx_addons_column-1_3\">\n                                                <div class=\"sc_services_item sc_item_container post_container without_content with_image sc_services_item_featured_top\">\n                                                                                                            <div class=\"post_featured with_thumb hover_link sc_services_item_thumb\">\n                                                            <img src=\"https:\/\/ilpasrl.com\/wp-content\/uploads\/2023\/04\/strofinacci-3.jpg\" alt=\"Tre rulli di strofinacci per la pulizia industriale\" width=\"890\" height=\"664\" loading=\"lazy\" class=\"attachment-fabric-thumb-square size-fabric-thumb-square wp-post-image\" decoding=\"async\">\n                                                            <div class=\"mask\"><\/div>\n                                                            <a class=\"post_link sc_services_item_link\" href=\"https:\/\/ilpasrl.com\/fr\/torchons\/industrie-graphique\/\"  title=\"Grafico\"><\/a>\n                                                            <a class=\"link\" aria-hidden=\"true\" href=\"https:\/\/ilpasrl.com\/fr\/torchons\/industrie-graphique\/\"  title=\"Grafico\"><\/a>\n                                                        <\/div>\n                                                        \n                                                                                                            <div class=\"sc_services_item_info\">\n                                                            <div class=\"sc_services_item_header\">\n                                                                <div class=\"sc_services_item_title_wrap\">\n                                                                    <p class=\"sc_services_item_title entry-title font-span\">\n                                                                        <a href=\"https:\/\/ilpasrl.com\/fr\/torchons\/industrie-graphique\/\"  title=\"Grafico\">\n                                                                            <!--<span class=\"sc_services_item_number\"><\/span>-->\n                                                                            <span class=\"sc_services_item_title_text\">Industrie graphique<\/span>\n                                                                        <\/a>\n                                                                    <\/p>\n                                                                <\/div>\n                                                            <\/div>\n                                                        <\/div>\n                                                                                                        <\/div>\n                                            <\/div>\n                                                                            <\/div>\n                            <\/div>\n                                                <\/div>\n                    \t\t<\/div>\n\t\t\t\t<\/div>\n\t\t\t\t\t\t<\/div>\n\t\t\t\t\t<\/div>\n\t\t<\/div>\n\t\t\t\t\t\t\t\t<\/div>\n\t\t\t\t\t<\/div>\n\t\t<\/section>\n\t\t\t\t<section class=\"elementor-section elementor-top-section elementor-element elementor-element-bcab1eb scheme_dark sc_bg_mask_4 elementor-section-full_width elementor-section-stretched elementor-section-height-default elementor-section-height-default sc_fly_static\" data-id=\"bcab1eb\" data-element_type=\"section\" data-settings=\"{&quot;background_background&quot;:&quot;classic&quot;,&quot;stretch_section&quot;:&quot;section-stretched&quot;}\">\n\t\t\t\t\t\t\t<div class=\"elementor-background-overlay\"><\/div>\n\t\t\t\t\t\t\t<div class=\"elementor-container elementor-column-gap-default\">\n\t\t\t\t\t\t\t<div class=\"elementor-row\">\n\t\t\t\t\t<div class=\"elementor-column elementor-col-100 elementor-top-column elementor-element elementor-element-775ad1e1 sc_layouts_column_align_right sc_layouts_column sc-mobile_layouts_column_align_left sc_layouts_column sc_inner_width_none sc_content_align_inherit sc_layouts_column_icons_position_left sc_fly_static\" data-id=\"775ad1e1\" data-element_type=\"column\">\n\t\t\t<div class=\"elementor-column-wrap elementor-element-populated\">\n\t\t\t\t\t\t\t<div class=\"elementor-widget-wrap\">\n\t\t\t\t\t\t<div class=\"elementor-element elementor-element-41aff656 sc_fly_static elementor-widget elementor-widget-spacer\" data-id=\"41aff656\" data-element_type=\"widget\" data-widget_type=\"spacer.default\">\n\t\t\t\t<div class=\"elementor-widget-container\">\n\t\t\t\t\t<div class=\"elementor-spacer\">\n\t\t\t<div class=\"elementor-spacer-inner\"><\/div>\n\t\t<\/div>\n\t\t\t\t<\/div>\n\t\t\t\t<\/div>\n\t\t\t\t<div class=\"elementor-element elementor-element-154a75f5 sc_fly_static elementor-widget elementor-widget-trx_sc_title\" data-id=\"154a75f5\" data-element_type=\"widget\" data-widget_type=\"trx_sc_title.default\">\n\t\t\t\t<div class=\"elementor-widget-container\">\n\t\t\t<div\t\tclass=\"sc_title color_style_dark sc_title_default\" ><h2 class=\"sc_item_title sc_title_title sc_align_center sc_item_title_style_default sc_item_title_tag\"\n\t\t\t><span class=\"sc_item_title_text\">Torchons STROFTEX\u00ae<\/span><\/h2><\/div>\t\t<\/div>\n\t\t\t\t<\/div>\n\t\t\t\t<div class=\"elementor-element elementor-element-faf5445 sc_fly_static elementor-widget elementor-widget-text-editor\" data-id=\"faf5445\" data-element_type=\"widget\" data-widget_type=\"text-editor.default\">\n\t\t\t\t<div class=\"elementor-widget-container\">\n\t\t\t\t\t\t\t\t<div class=\"elementor-text-editor elementor-clearfix\">\n\t\t\t\t<p>Ils r\u00e9duisent le temps de nettoyage.<\/p>\n\t\t\t\t\t<\/div>\n\t\t\t\t\t\t<\/div>\n\t\t\t\t<\/div>\n\t\t\t\t<div class=\"elementor-element elementor-element-dbcb6a7 sc_fly_static elementor-widget elementor-widget-text-editor\" data-id=\"dbcb6a7\" data-element_type=\"widget\" data-widget_type=\"text-editor.default\">\n\t\t\t\t<div class=\"elementor-widget-container\">\n\t\t\t\t\t\t\t\t<div class=\"elementor-text-editor elementor-clearfix\">\n\t\t\t\t<p>Les torchons STROFTEX\u00ae, qui sont principalement destin\u00e9s au nettoyage, sont fabriqu\u00e9s \u00e0 partir de cellulose, de viscose ou d&#8217;un m\u00e9lange cellulose-viscose-polyester et peuvent \u00eatre utilis\u00e9s secs ou humides.<\/p>\n\t\t\t\t\t<\/div>\n\t\t\t\t\t\t<\/div>\n\t\t\t\t<\/div>\n\t\t\t\t<div class=\"elementor-element elementor-element-9254ebe sc_fly_static elementor-widget elementor-widget-text-editor\" data-id=\"9254ebe\" data-element_type=\"widget\" data-widget_type=\"text-editor.default\">\n\t\t\t\t<div class=\"elementor-widget-container\">\n\t\t\t\t\t\t\t\t<div class=\"elementor-text-editor elementor-clearfix\">\n\t\t\t\t<p>La large gamme de qualit\u00e9 et le d\u00e9veloppement de la surface font de STROFTEX\u00ae des chiffons du futur et des chiffons adaptables \u00e0 tous les domaines d&#8217;activit\u00e9.<\/p>\n\t\t\t\t\t<\/div>\n\t\t\t\t\t\t<\/div>\n\t\t\t\t<\/div>\n\t\t\t\t<section class=\"elementor-section elementor-inner-section elementor-element elementor-element-4c2ad968 elementor-section-boxed elementor-section-height-default elementor-section-height-default sc_fly_static\" data-id=\"4c2ad968\" data-element_type=\"section\">\n\t\t\t\t\t\t<div class=\"elementor-container elementor-column-gap-extended\">\n\t\t\t\t\t\t\t<div class=\"elementor-row\">\n\t\t\t\t\t<div class=\"elementor-column elementor-col-100 elementor-inner-column elementor-element elementor-element-596ae80e sc_inner_width_none sc_content_align_inherit sc_layouts_column_icons_position_left sc_fly_static\" data-id=\"596ae80e\" data-element_type=\"column\">\n\t\t\t<div class=\"elementor-column-wrap elementor-element-populated\">\n\t\t\t\t\t\t\t<div class=\"elementor-widget-wrap\">\n\t\t\t\t\t\t<div class=\"elementor-element elementor-element-4c2efbac elementor-widget__width-auto btn-red sc_fly_static elementor-widget elementor-widget-trx_sc_button\" data-id=\"4c2efbac\" data-element_type=\"widget\" data-widget_type=\"trx_sc_button.default\">\n\t\t\t\t<div class=\"elementor-widget-container\">\n\t\t\t<div\tclass=\"sc_item_button sc_button_wrap\" ><a href=\"https:\/\/ilpasrl.com\/fr\/contacts\/\" class=\"sc_button sc_button_default sc_button_size_normal sc_button_icon_left color_style_dark\" ><span class=\"sc_button_text\"><span class=\"sc_button_title\">Contactez nous<\/span><\/span><\/a><\/div>\t\t<\/div>\n\t\t\t\t<\/div>\n\t\t\t\t\t\t<\/div>\n\t\t\t\t\t<\/div>\n\t\t<\/div>\n\t\t\t\t\t\t\t\t<\/div>\n\t\t\t\t\t<\/div>\n\t\t<\/section>\n\t\t\t\t<div class=\"elementor-element elementor-element-4098d933 sc_fly_static elementor-widget elementor-widget-spacer\" data-id=\"4098d933\" data-element_type=\"widget\" data-widget_type=\"spacer.default\">\n\t\t\t\t<div class=\"elementor-widget-container\">\n\t\t\t\t\t<div class=\"elementor-spacer\">\n\t\t\t<div class=\"elementor-spacer-inner\"><\/div>\n\t\t<\/div>\n\t\t\t\t<\/div>\n\t\t\t\t<\/div>\n\t\t\t\t\t\t<\/div>\n\t\t\t\t\t<\/div>\n\t\t<\/div>\n\t\t\t\t\t\t\t\t<\/div>\n\t\t\t\t\t<\/div>\n\t\t<\/section>\n\t\t\t\t\t\t\t\t\t<\/div>\n\t\t\t<\/div>\n\t\t\t\t\t<\/div>\n\t\t","protected":false},"excerpt":{"rendered":"<p>Les avantages des torchons STROFTEX\u00ae Ils ne s&#8217;effritent pas comme du papier ordinaire, car ils sont &#8220;non tiss\u00e9s&#8221; et r\u00e9sistent \u00e0 tout solvant. Ils ne laissent aucun poils derri\u00e8re eux.&hellip;<\/p>\n","protected":false},"author":1,"featured_media":1985,"parent":0,"menu_order":0,"comment_status":"closed","ping_status":"closed","template":"","meta":[],"yoast_head":"<!-- This site is optimized with the Yoast SEO plugin v21.7 - https:\/\/yoast.com\/wordpress\/plugins\/seo\/ -->\n<title>Torchons in TnT | I.L.P.A.<\/title>\n<meta name=\"robots\" content=\"index, follow, max-snippet:-1, max-image-preview:large, max-video-preview:-1\" \/>\n<link rel=\"canonical\" href=\"https:\/\/ilpasrl.com\/strofinacci\/\" \/>\n<meta property=\"og:locale\" content=\"fr_FR\" \/>\n<meta property=\"og:type\" content=\"article\" \/>\n<meta property=\"og:title\" content=\"Torchons in TnT | I.L.P.A.\" \/>\n<meta property=\"og:description\" content=\"Les avantages des torchons STROFTEX\u00ae Ils ne s&#8217;effritent pas comme du papier ordinaire, car ils sont &#8220;non tiss\u00e9s&#8221; et r\u00e9sistent \u00e0 tout solvant. Ils ne laissent aucun poils derri\u00e8re eux.&hellip;\" \/>\n<meta property=\"og:url\" content=\"https:\/\/ilpasrl.com\/strofinacci\/\" \/>\n<meta property=\"og:site_name\" content=\"I.L.P.A.\" \/>\n<meta property=\"article:modified_time\" content=\"2025-06-03T08:15:43+00:00\" \/>\n<meta property=\"og:image\" content=\"https:\/\/ilpasrl.com\/wp-content\/uploads\/2023\/04\/page-header-bg.jpg\" \/>\n\t<meta property=\"og:image:width\" content=\"1920\" \/>\n\t<meta property=\"og:image:height\" content=\"720\" \/>\n\t<meta property=\"og:image:type\" content=\"image\/jpeg\" \/>\n<meta name=\"twitter:card\" content=\"summary_large_image\" \/>\n<meta name=\"twitter:label1\" content=\"Dur\u00e9e de lecture estim\u00e9e\" \/>\n\t<meta name=\"twitter:data1\" content=\"2 minutes\" \/>\n<!-- \/ Yoast SEO plugin. -->","yoast_head_json":{"title":"Torchons in TnT | I.L.P.A.","robots":{"index":"index","follow":"follow","max-snippet":"max-snippet:-1","max-image-preview":"max-image-preview:large","max-video-preview":"max-video-preview:-1"},"canonical":"https:\/\/ilpasrl.com\/strofinacci\/","og_locale":"fr_FR","og_type":"article","og_title":"Torchons in TnT | I.L.P.A.","og_description":"Les avantages des torchons STROFTEX\u00ae Ils ne s&#8217;effritent pas comme du papier ordinaire, car ils sont &#8220;non tiss\u00e9s&#8221; et r\u00e9sistent \u00e0 tout solvant. Ils ne laissent aucun poils derri\u00e8re eux.&hellip;","og_url":"https:\/\/ilpasrl.com\/strofinacci\/","og_site_name":"I.L.P.A.","article_modified_time":"2025-06-03T08:15:43+00:00","og_image":[{"width":1920,"height":720,"url":"https:\/\/ilpasrl.com\/wp-content\/uploads\/2023\/04\/page-header-bg.jpg","type":"image\/jpeg"}],"twitter_card":"summary_large_image","twitter_misc":{"Dur\u00e9e de lecture estim\u00e9e":"2 minutes"},"schema":{"@context":"https:\/\/schema.org","@graph":[{"@type":"WebPage","@id":"https:\/\/ilpasrl.com\/strofinacci\/","url":"https:\/\/ilpasrl.com\/strofinacci\/","name":"Torchons in TnT | I.L.P.A.","isPartOf":{"@id":"https:\/\/ilpasrl.com\/#website"},"datePublished":"2023-04-19T19:38:26+00:00","dateModified":"2025-06-03T08:15:43+00:00","breadcrumb":{"@id":"https:\/\/ilpasrl.com\/strofinacci\/#breadcrumb"},"inLanguage":"fr-FR","potentialAction":[{"@type":"ReadAction","target":["https:\/\/ilpasrl.com\/strofinacci\/"]}]},{"@type":"BreadcrumbList","@id":"https:\/\/ilpasrl.com\/strofinacci\/#breadcrumb","itemListElement":[{"@type":"ListItem","position":1,"name":"Home","item":"https:\/\/ilpasrl.com\/fr\/"},{"@type":"ListItem","position":2,"name":"Torchons in TnT"}]},{"@type":"WebSite","@id":"https:\/\/ilpasrl.com\/#website","url":"https:\/\/ilpasrl.com\/","name":"I.L.P.A.","description":"Tessuti non tessuti","publisher":{"@id":"https:\/\/ilpasrl.com\/#organization"},"potentialAction":[{"@type":"SearchAction","target":{"@type":"EntryPoint","urlTemplate":"https:\/\/ilpasrl.com\/?s={search_term_string}"},"query-input":"required name=search_term_string"}],"inLanguage":"fr-FR"},{"@type":"Organization","@id":"https:\/\/ilpasrl.com\/#organization","name":"I.L.P.A. srl","url":"https:\/\/ilpasrl.com\/","logo":{"@type":"ImageObject","inLanguage":"fr-FR","@id":"https:\/\/ilpasrl.com\/#\/schema\/logo\/image\/","url":"https:\/\/ilpasrl.com\/wp-content\/uploads\/2023\/04\/logo.png","contentUrl":"https:\/\/ilpasrl.com\/wp-content\/uploads\/2023\/04\/logo.png","width":906,"height":196,"caption":"I.L.P.A. srl"},"image":{"@id":"https:\/\/ilpasrl.com\/#\/schema\/logo\/image\/"}}]}},"_links":{"self":[{"href":"https:\/\/ilpasrl.com\/fr\/wp-json\/wp\/v2\/pages\/2120"}],"collection":[{"href":"https:\/\/ilpasrl.com\/fr\/wp-json\/wp\/v2\/pages"}],"about":[{"href":"https:\/\/ilpasrl.com\/fr\/wp-json\/wp\/v2\/types\/page"}],"author":[{"embeddable":true,"href":"https:\/\/ilpasrl.com\/fr\/wp-json\/wp\/v2\/users\/1"}],"replies":[{"embeddable":true,"href":"https:\/\/ilpasrl.com\/fr\/wp-json\/wp\/v2\/comments?post=2120"}],"version-history":[{"count":23,"href":"https:\/\/ilpasrl.com\/fr\/wp-json\/wp\/v2\/pages\/2120\/revisions"}],"predecessor-version":[{"id":2860,"href":"https:\/\/ilpasrl.com\/fr\/wp-json\/wp\/v2\/pages\/2120\/revisions\/2860"}],"wp:featuredmedia":[{"embeddable":true,"href":"https:\/\/ilpasrl.com\/fr\/wp-json\/wp\/v2\/media\/1985"}],"wp:attachment":[{"href":"https:\/\/ilpasrl.com\/fr\/wp-json\/wp\/v2\/media?parent=2120"}],"curies":[{"name":"wp","href":"https:\/\/api.w.org\/{rel}","templated":true}]}}