{"id":2629,"date":"2024-04-18T17:04:45","date_gmt":"2024-04-18T15:04:45","guid":{"rendered":"https:\/\/ilpasrl.com\/nouveaute\/"},"modified":"2024-04-24T17:22:28","modified_gmt":"2024-04-24T15:22:28","slug":"nouveaute","status":"publish","type":"page","link":"https:\/\/ilpasrl.com\/fr\/nouveaute\/","title":{"rendered":"Nouveaut\u00e9"},"content":{"rendered":"\t\t<div data-elementor-type=\"wp-page\" data-elementor-id=\"2629\" class=\"elementor elementor-2629 elementor-2515\" data-elementor-post-type=\"page\">\n\t\t\t\t\t\t<div class=\"elementor-inner\">\n\t\t\t\t<div class=\"elementor-section-wrap\">\n\t\t\t\t\t\t\t\t\t<section class=\"elementor-section elementor-top-section elementor-element elementor-element-4b5295b elementor-section-boxed elementor-section-height-default elementor-section-height-default sc_fly_static\" data-id=\"4b5295b\" data-element_type=\"section\">\n\t\t\t\t\t\t<div class=\"elementor-container elementor-column-gap-extended\">\n\t\t\t\t\t\t\t<div class=\"elementor-row\">\n\t\t\t\t\t<div class=\"elementor-column elementor-col-100 elementor-top-column elementor-element elementor-element-a58c916 sc_inner_width_none sc_content_align_inherit sc_layouts_column_icons_position_left sc_fly_static\" data-id=\"a58c916\" data-element_type=\"column\">\n\t\t\t<div class=\"elementor-column-wrap elementor-element-populated\">\n\t\t\t\t\t\t\t<div class=\"elementor-widget-wrap\">\n\t\t\t\t\t\t<div class=\"elementor-element elementor-element-d37b507 sc_fly_static elementor-widget elementor-widget-ilpa_el_products_grid\" data-id=\"d37b507\" data-element_type=\"widget\" data-widget_type=\"ilpa_el_products_grid.default\">\n\t\t\t\t<div class=\"elementor-widget-container\">\n\t\t\t                    <div class=\"ilpa-products-grid\">\n                                                    <div class=\"woocommerce\">\n                                <ul class=\"products products_style_default columns- style-list\">\n                                                                                <li class=\"product type-product product_style_default wishlist_decorated\">\n                                                <div class=\"post_item post_layout_thumbs\">\n                                                                                                            <div class=\"post_featured hover_shop\">\n                                                            <a  >\n                                                                <img src=\"https:\/\/ilpasrl.com\/wp-content\/uploads\/2024\/04\/3_STROFTEX-CTS-CREPED-TURCHESE.jpg\" alt=\"\" width=\"642\" height=\"856\" class=\"attachment-woocommerce_thumbnail size-woocommerce_thumbnail\" decoding=\"async\" loading=\"lazy\">\n                                                            <\/a>\n                                                            \n                                                            <div class=\"mask\"><\/div>\n                                                        <\/div>\n                                                                                                            \n                                                    <div class=\"post_data\">\n                                                        <div class=\"post_data_inner\">\n                                                            <div class=\"post_header entry-header\">\n                                                                <h3 class=\"woocommerce-loop-product__title\">\n                                                                    <a  >PANNO SELF- SERVICE REFILL POUR LAVAGE VOITURES<\/a>\n                                                                <\/h3>\n                                                            <\/div>\n\n                                                                                                                            <div class=\"price_wrap\">\n                                                                                                                                            <p class=\"product-desc\">Les  bobines <strong>STROFTEX\u00ae CTS CREPED TURQUOISE<\/strong> sont adapt\u00e9es au remplissage Panno self-service. Ils sont trait\u00e9s avec des pr\u00e9d\u00e9coupes qui permettent le chemin r\u00e9gulier du rouleau pendant le d\u00e9roulement sans bloquer la machine distributrice. Les enrouleurs sont emball\u00e9s avec un TnT gaufr\u00e9 sp\u00e9cial qui garantit un excellent s\u00e9chage des vitres et des tableaux de bord des voitures sans lib\u00e9rer de peluches g\u00eanantes.<br><br\/> > Rouleaux h. 24cm, 800 larmes.<\/p>\n                                                                                                                                        <\/div>\n                                                                                                                        <\/div>\n                                                    <\/div>\n                                                <\/div>\n                                            <\/li>\n                                                                                        <li class=\"product type-product product_style_default wishlist_decorated\">\n                                                <div class=\"post_item post_layout_thumbs\">\n                                                                                                            <div class=\"post_featured hover_shop\">\n                                                            <a  >\n                                                                <img src=\"https:\/\/ilpasrl.com\/wp-content\/uploads\/2024\/04\/2_STROFTEX-TUTTOVIS.jpg\" alt=\"\" width=\"642\" height=\"856\" class=\"attachment-woocommerce_thumbnail size-woocommerce_thumbnail\" decoding=\"async\" loading=\"lazy\">\n                                                            <\/a>\n                                                            \n                                                            <div class=\"mask\"><\/div>\n                                                        <\/div>\n                                                                                                            \n                                                    <div class=\"post_data\">\n                                                        <div class=\"post_data_inner\">\n                                                            <div class=\"post_header entry-header\">\n                                                                <h3 class=\"woocommerce-loop-product__title\">\n                                                                    <a  >NOUVEAU PANNO SELF-SERVICE REFILL POUR LAVAGE VOITURES<\/a>\n                                                                <\/h3>\n                                                            <\/div>\n\n                                                                                                                            <div class=\"price_wrap\">\n                                                                                                                                            <p class=\"product-features font-span\">BIODEGRADABLE COMPOSTABLE<\/p>\n                                                                                                                                                <p class=\"product-desc\">Nous avons \u00e9tudi\u00e9 une nouvelle bobine fabriqu\u00e9e avec un TnT <strong>STROFTEX\u00ae TUTTOVIS<\/strong> sp\u00e9cial en viscose compostable biod\u00e9gradable pure avec une structure perfor\u00e9e qui assure une excellente capacit\u00e9 d\u2019absorption combin\u00e9e \u00e0 une r\u00e9sistance m\u00e9canique \u00e9lev\u00e9e. Bobine faite pour assurer le fonctionnement normal de la machine de distribution automatique.<br><br\/> > Rouleaux h. 24cm, 565 larmes.<\/p>\n                                                                                                                                        <\/div>\n                                                                                                                        <\/div>\n                                                    <\/div>\n                                                <\/div>\n                                            <\/li>\n                                                                            <\/ul>\n                            <\/div>\n                                                <\/div>\n                    \t\t<\/div>\n\t\t\t\t<\/div>\n\t\t\t\t\t\t<\/div>\n\t\t\t\t\t<\/div>\n\t\t<\/div>\n\t\t\t\t\t\t\t\t<\/div>\n\t\t\t\t\t<\/div>\n\t\t<\/section>\n\t\t\t\t\t\t\t\t\t<\/div>\n\t\t\t<\/div>\n\t\t\t\t\t<\/div>\n\t\t","protected":false},"excerpt":{"rendered":"<p>PANNO SELF- SERVICE REFILL POUR LAVAGE VOITURES Les bobines STROFTEX\u00ae CTS CREPED TURQUOISE sont adapt\u00e9es au remplissage Panno self-service. Ils sont trait\u00e9s avec des pr\u00e9d\u00e9coupes qui permettent le chemin r\u00e9gulier&hellip;<\/p>\n","protected":false},"author":2,"featured_media":2538,"parent":0,"menu_order":0,"comment_status":"closed","ping_status":"closed","template":"","meta":[],"yoast_head":"<!-- This site is optimized with the Yoast SEO plugin v21.7 - https:\/\/yoast.com\/wordpress\/plugins\/seo\/ -->\n<title>Nouveaut\u00e9 | I.L.P.A.<\/title>\n<meta name=\"robots\" content=\"index, follow, max-snippet:-1, max-image-preview:large, max-video-preview:-1\" \/>\n<link rel=\"canonical\" href=\"https:\/\/ilpasrl.com\/fr\/nouveaute\/\" \/>\n<meta property=\"og:locale\" content=\"fr_FR\" \/>\n<meta property=\"og:type\" content=\"article\" \/>\n<meta property=\"og:title\" content=\"Nouveaut\u00e9 | I.L.P.A.\" \/>\n<meta property=\"og:description\" content=\"PANNO SELF- SERVICE REFILL POUR LAVAGE VOITURES Les bobines STROFTEX\u00ae CTS CREPED TURQUOISE sont adapt\u00e9es au remplissage Panno self-service. Ils sont trait\u00e9s avec des pr\u00e9d\u00e9coupes qui permettent le chemin r\u00e9gulier&hellip;\" \/>\n<meta property=\"og:url\" content=\"https:\/\/ilpasrl.com\/fr\/nouveaute\/\" \/>\n<meta property=\"og:site_name\" content=\"I.L.P.A.\" \/>\n<meta property=\"article:modified_time\" content=\"2024-04-24T15:22:28+00:00\" \/>\n<meta property=\"og:image\" content=\"https:\/\/ilpasrl.com\/wp-content\/uploads\/2024\/04\/1.-RICAMBIO-PANNOSELF.jpg\" \/>\n\t<meta property=\"og:image:width\" content=\"585\" \/>\n\t<meta property=\"og:image:height\" content=\"800\" \/>\n\t<meta property=\"og:image:type\" content=\"image\/jpeg\" \/>\n<meta name=\"twitter:card\" content=\"summary_large_image\" \/>\n<meta name=\"twitter:label1\" content=\"Dur\u00e9e de lecture estim\u00e9e\" \/>\n\t<meta name=\"twitter:data1\" content=\"2 minutes\" \/>\n<!-- \/ Yoast SEO plugin. -->","yoast_head_json":{"title":"Nouveaut\u00e9 | I.L.P.A.","robots":{"index":"index","follow":"follow","max-snippet":"max-snippet:-1","max-image-preview":"max-image-preview:large","max-video-preview":"max-video-preview:-1"},"canonical":"https:\/\/ilpasrl.com\/fr\/nouveaute\/","og_locale":"fr_FR","og_type":"article","og_title":"Nouveaut\u00e9 | I.L.P.A.","og_description":"PANNO SELF- SERVICE REFILL POUR LAVAGE VOITURES Les bobines STROFTEX\u00ae CTS CREPED TURQUOISE sont adapt\u00e9es au remplissage Panno self-service. Ils sont trait\u00e9s avec des pr\u00e9d\u00e9coupes qui permettent le chemin r\u00e9gulier&hellip;","og_url":"https:\/\/ilpasrl.com\/fr\/nouveaute\/","og_site_name":"I.L.P.A.","article_modified_time":"2024-04-24T15:22:28+00:00","og_image":[{"width":585,"height":800,"url":"https:\/\/ilpasrl.com\/wp-content\/uploads\/2024\/04\/1.-RICAMBIO-PANNOSELF.jpg","type":"image\/jpeg"}],"twitter_card":"summary_large_image","twitter_misc":{"Dur\u00e9e de lecture estim\u00e9e":"2 minutes"},"schema":{"@context":"https:\/\/schema.org","@graph":[{"@type":"WebPage","@id":"https:\/\/ilpasrl.com\/fr\/nouveaute\/","url":"https:\/\/ilpasrl.com\/fr\/nouveaute\/","name":"Nouveaut\u00e9 | I.L.P.A.","isPartOf":{"@id":"https:\/\/ilpasrl.com\/#website"},"datePublished":"2024-04-18T15:04:45+00:00","dateModified":"2024-04-24T15:22:28+00:00","breadcrumb":{"@id":"https:\/\/ilpasrl.com\/fr\/nouveaute\/#breadcrumb"},"inLanguage":"fr-FR","potentialAction":[{"@type":"ReadAction","target":["https:\/\/ilpasrl.com\/fr\/nouveaute\/"]}]},{"@type":"BreadcrumbList","@id":"https:\/\/ilpasrl.com\/fr\/nouveaute\/#breadcrumb","itemListElement":[{"@type":"ListItem","position":1,"name":"Home","item":"https:\/\/ilpasrl.com\/fr\/"},{"@type":"ListItem","position":2,"name":"Nouveaut\u00e9"}]},{"@type":"WebSite","@id":"https:\/\/ilpasrl.com\/#website","url":"https:\/\/ilpasrl.com\/","name":"I.L.P.A.","description":"Tessuti non tessuti","publisher":{"@id":"https:\/\/ilpasrl.com\/#organization"},"potentialAction":[{"@type":"SearchAction","target":{"@type":"EntryPoint","urlTemplate":"https:\/\/ilpasrl.com\/?s={search_term_string}"},"query-input":"required name=search_term_string"}],"inLanguage":"fr-FR"},{"@type":"Organization","@id":"https:\/\/ilpasrl.com\/#organization","name":"I.L.P.A. srl","url":"https:\/\/ilpasrl.com\/","logo":{"@type":"ImageObject","inLanguage":"fr-FR","@id":"https:\/\/ilpasrl.com\/#\/schema\/logo\/image\/","url":"https:\/\/ilpasrl.com\/wp-content\/uploads\/2023\/04\/logo.png","contentUrl":"https:\/\/ilpasrl.com\/wp-content\/uploads\/2023\/04\/logo.png","width":906,"height":196,"caption":"I.L.P.A. srl"},"image":{"@id":"https:\/\/ilpasrl.com\/#\/schema\/logo\/image\/"}}]}},"_links":{"self":[{"href":"https:\/\/ilpasrl.com\/fr\/wp-json\/wp\/v2\/pages\/2629"}],"collection":[{"href":"https:\/\/ilpasrl.com\/fr\/wp-json\/wp\/v2\/pages"}],"about":[{"href":"https:\/\/ilpasrl.com\/fr\/wp-json\/wp\/v2\/types\/page"}],"author":[{"embeddable":true,"href":"https:\/\/ilpasrl.com\/fr\/wp-json\/wp\/v2\/users\/2"}],"replies":[{"embeddable":true,"href":"https:\/\/ilpasrl.com\/fr\/wp-json\/wp\/v2\/comments?post=2629"}],"version-history":[{"count":19,"href":"https:\/\/ilpasrl.com\/fr\/wp-json\/wp\/v2\/pages\/2629\/revisions"}],"predecessor-version":[{"id":2683,"href":"https:\/\/ilpasrl.com\/fr\/wp-json\/wp\/v2\/pages\/2629\/revisions\/2683"}],"wp:featuredmedia":[{"embeddable":true,"href":"https:\/\/ilpasrl.com\/fr\/wp-json\/wp\/v2\/media\/2538"}],"wp:attachment":[{"href":"https:\/\/ilpasrl.com\/fr\/wp-json\/wp\/v2\/media?parent=2629"}],"curies":[{"name":"wp","href":"https:\/\/api.w.org\/{rel}","templated":true}]}}